{"id":760,"date":"2023-03-22T17:43:02","date_gmt":"2023-03-22T17:43:02","guid":{"rendered":"https:\/\/kinesiologiakese.es\/Jorge\/?page_id=760"},"modified":"2023-05-04T18:27:37","modified_gmt":"2023-05-04T18:27:37","slug":"constelaciones-familiares","status":"publish","type":"page","link":"https:\/\/kinesiologiakese.es\/Jorge\/constelaciones-familiares\/","title":{"rendered":"Constelaciones Familiares"},"content":{"rendered":"\n<figure class=\"wp-block-image size-full\"><a href=\"https:\/\/kinesiologiakese.es\/Jorge\/wp-content\/uploads\/2023\/03\/Cabecera-constelaciones.png\"><img src=\"https:\/\/kinesiologiakese.es\/Jorge\/wp-content\/uploads\/2023\/03\/Cabecera-constelaciones.png\" alt=\"Constelaciones Familiares\" class=\"wp-image-763\"\/><\/a><\/figure>\n\n\n\n<p>Las constelaciones familiares son una t\u00e9cnica terap\u00e9utica desarrollada por el psicoterapeuta alem\u00e1n Bert Hellinger, que busca identificar y resolver problemas emocionales y de relaci\u00f3n en el contexto de las relaciones familiares y sist\u00e9micas.<\/p>\n\n\n\n<p>La t\u00e9cnica se basa en la idea de que los problemas emocionales y las dificultades de relaci\u00f3n pueden ser el resultado de patrones inconscientes, que se transmiten de generaci\u00f3n en generaci\u00f3n dentro de las familias y otros sistemas sociales. <\/p>\n\n\n\n<p>Al realizar una constelaci\u00f3n familiar, se utiliza un grupo de personas para representar a los miembros de una familia o sistema social, y se colocan en una disposici\u00f3n espacial que refleja la din\u00e1mica emocional y relacional de ese sistema. A trav\u00e9s de la exploraci\u00f3n y la observaci\u00f3n de esta disposici\u00f3n, se pueden identificar y resolver patrones inconscientes que puedan estar causando problemas.<\/p>\n\n\n\n<p>\u00ab\u00bfTe sientes atrapado en patrones emocionales y relacionales que parecen repetirse una y otra vez en tu vida? \u00bfTe cuesta comprender por qu\u00e9 te sientes de cierta manera o por qu\u00e9 tienes dificultades para relacionarte con ciertas personas?, Si es as\u00ed, puede ser el momento de considerar una constelaci\u00f3n familiar.<\/p>\n\n\n\n<p>Puedo ayudarte a explorar tus patrones inconscientes y resolver los problemas emocionales y de relaci\u00f3n que puedan estar afectando tu vida. Con su gu\u00eda, podr\u00e1s identificar los patrones emocionales y relacionales que se transmiten de generaci\u00f3n en generaci\u00f3n en tu familia y encontrar una manera de sanar y avanzar.<\/p>\n\n\n\n<div class=\"wp-block-media-text alignwide is-stacked-on-mobile\" style=\"grid-template-columns:30% auto\"><figure class=\"wp-block-media-text__media\"><img loading=\"lazy\" width=\"150\" height=\"150\" src=\"https:\/\/kinesiologiakese.es\/Jorge\/wp-content\/uploads\/2023\/03\/constelaciones-1-e1679510305174.png\" alt=\"\" class=\"wp-image-769 size-full\"\/><\/figure><div class=\"wp-block-media-text__content\">\n<h2 class=\"has-medium-font-size\">\u00bfAlguna vez has considerado participar en una constelaci\u00f3n familiar?  <\/h2>\n\n\n\n<p>Te puede ser especialmente \u00fatil si est\u00e1s lidiando con problemas emocionales o de relaci\u00f3n persistentes que parecen no tener una explicaci\u00f3n l\u00f3gica. Si est\u00e1s buscando una manera de entender mejor tu vida y tus relaciones, y encontrar una manera de avanzar, entonces una constelaci\u00f3n familiar puede ser justo lo que necesitas.<\/p>\n<\/div><\/div>\n\n\n\n<p>Aqu\u00ed hay una lista de algunos de los beneficios que puedes esperar al participar en una constelaci\u00f3n familiar:<\/p>\n\n\n\n<ol><li>Identificar patrones inconscientes: A veces, nuestros patrones emocionales y de relaci\u00f3n est\u00e1n tan arraigados en nuestra vida que no los notamos conscientemente. Una constelaci\u00f3n familiar puede ayudarte a identificar estos patrones inconscientes y a comprender mejor c\u00f3mo est\u00e1n afectando tu vida.<\/li><li>Resoluci\u00f3n de conflictos: Si est\u00e1s lidiando con un conflicto emocional o de relaci\u00f3n, una constelaci\u00f3n familiar puede ser una manera efectiva de encontrar una soluci\u00f3n. Al explorar los patrones que pueden estar causando el conflicto, puedes encontrar una manera de resolverlo.<\/li><li>Sanaci\u00f3n emocional: Una constelaci\u00f3n familiar puede ayudarte a sanar emocionalmente al proporcionar una oportunidad para procesar y liberar sentimientos y emociones que has estado reprimiendo.<\/li><li>Comprender tus relaciones: Si tienes dificultades para relacionarte con ciertas personas en tu vida, una constelaci\u00f3n familiar puede ayudarte a comprender mejor esas relaciones y encontrar maneras m\u00e1s saludables de interactuar con ellas.<\/li><li>Avanzar en la vida: Una constelaci\u00f3n familiar puede ayudarte a avanzar en tu vida al identificar los patrones que te han estado frenando y encontrar una manera de superarlos. Al hacerlo, puedes sentirte m\u00e1s libre y segura para perseguir tus metas y objetivos.<\/li><\/ol>\n\n\n\n<p>Si est\u00e1s interesado en experimentar estos beneficios y encontrar una manera de avanzar en tu vida, entonces considera participar en una constelaci\u00f3n familiar.\u00bb<\/p>\n","protected":false},"excerpt":{"rendered":"<p>\u00bfAlguna vez has considerado participar en una constelaci\u00f3n familiar?  <\/p>\n","protected":false},"author":1,"featured_media":0,"parent":0,"menu_order":0,"comment_status":"closed","ping_status":"closed","template":"","meta":[],"yoast_head":"<!-- This site is optimized with the Yoast SEO plugin v18.9 - https:\/\/yoast.com\/wordpress\/plugins\/seo\/ -->\n<title>Constelaciones Familiares - Jorge Kinesiolog&iacute;a<\/title>\n<meta name=\"description\" content=\"\u00bfAlguna vez has considerado participar en una constelaci\u00f3n familiar? Te puede ser especialmente \u00fatil si est\u00e1s lidiando con problemas emocionales o de relaci\u00f3n persistentes que parecen no tener una explicaci\u00f3n l\u00f3gica. Si est\u00e1s buscando una manera de entender mejor tu vida y tus relaciones, y encontrar una manera de avanzar, entonces una constelaci\u00f3n familiar puede ser justo lo que necesitas.\" \/>\n<meta name=\"robots\" content=\"index, follow, max-snippet:-1, max-image-preview:large, max-video-preview:-1\" \/>\n<link rel=\"canonical\" href=\"https:\/\/kinesiologiakese.es\/Jorge\/constelaciones-familiares\/\" \/>\n<meta property=\"og:locale\" content=\"es_ES\" \/>\n<meta property=\"og:type\" content=\"article\" \/>\n<meta property=\"og:title\" content=\"Constelaciones Familiares - Jorge Kinesiolog&iacute;a\" \/>\n<meta property=\"og:description\" content=\"\u00bfAlguna vez has considerado participar en una constelaci\u00f3n familiar? Te puede ser especialmente \u00fatil si est\u00e1s lidiando con problemas emocionales o de relaci\u00f3n persistentes que parecen no tener una explicaci\u00f3n l\u00f3gica. Si est\u00e1s buscando una manera de entender mejor tu vida y tus relaciones, y encontrar una manera de avanzar, entonces una constelaci\u00f3n familiar puede ser justo lo que necesitas.\" \/>\n<meta property=\"og:url\" content=\"https:\/\/kinesiologiakese.es\/Jorge\/constelaciones-familiares\/\" \/>\n<meta property=\"og:site_name\" content=\"Jorge Kinesiolog&iacute;a\" \/>\n<meta property=\"article:modified_time\" content=\"2023-05-04T18:27:37+00:00\" \/>\n<meta property=\"og:image\" content=\"https:\/\/kinesiologiakese.es\/Jorge\/wp-content\/uploads\/2023\/03\/Cabecera-constelaciones.png\" \/>\n<meta name=\"twitter:card\" content=\"summary_large_image\" \/>\n<meta name=\"twitter:label1\" content=\"Tiempo de lectura\" \/>\n\t<meta name=\"twitter:data1\" content=\"3 minutos\" \/>\n<script type=\"application\/ld+json\" class=\"yoast-schema-graph\">{\"@context\":\"https:\/\/schema.org\",\"@graph\":[{\"@type\":\"WebSite\",\"@id\":\"https:\/\/kinesiologiakese.es\/Jorge\/#website\",\"url\":\"https:\/\/kinesiologiakese.es\/Jorge\/\",\"name\":\"Jorge Kinesiolog&iacute;a\",\"description\":\"El Test kinesiol&oacute;gico te ayudar&aacute; a reconocer lo que te impide avanzar en tu vida.\",\"potentialAction\":[{\"@type\":\"SearchAction\",\"target\":{\"@type\":\"EntryPoint\",\"urlTemplate\":\"https:\/\/kinesiologiakese.es\/Jorge\/?s={search_term_string}\"},\"query-input\":\"required name=search_term_string\"}],\"inLanguage\":\"es\"},{\"@type\":\"ImageObject\",\"inLanguage\":\"es\",\"@id\":\"https:\/\/kinesiologiakese.es\/Jorge\/constelaciones-familiares\/#primaryimage\",\"url\":\"https:\/\/kinesiologiakese.es\/Jorge\/wp-content\/uploads\/2023\/03\/Cabecera-constelaciones.png\",\"contentUrl\":\"https:\/\/kinesiologiakese.es\/Jorge\/wp-content\/uploads\/2023\/03\/Cabecera-constelaciones.png\"},{\"@type\":\"WebPage\",\"@id\":\"https:\/\/kinesiologiakese.es\/Jorge\/constelaciones-familiares\/#webpage\",\"url\":\"https:\/\/kinesiologiakese.es\/Jorge\/constelaciones-familiares\/\",\"name\":\"Constelaciones Familiares - Jorge Kinesiolog&iacute;a\",\"isPartOf\":{\"@id\":\"https:\/\/kinesiologiakese.es\/Jorge\/#website\"},\"primaryImageOfPage\":{\"@id\":\"https:\/\/kinesiologiakese.es\/Jorge\/constelaciones-familiares\/#primaryimage\"},\"datePublished\":\"2023-03-22T17:43:02+00:00\",\"dateModified\":\"2023-05-04T18:27:37+00:00\",\"description\":\"\u00bfAlguna vez has considerado participar en una constelaci\u00f3n familiar? Te puede ser especialmente \u00fatil si est\u00e1s lidiando con problemas emocionales o de relaci\u00f3n persistentes que parecen no tener una explicaci\u00f3n l\u00f3gica. Si est\u00e1s buscando una manera de entender mejor tu vida y tus relaciones, y encontrar una manera de avanzar, entonces una constelaci\u00f3n familiar puede ser justo lo que necesitas.\",\"breadcrumb\":{\"@id\":\"https:\/\/kinesiologiakese.es\/Jorge\/constelaciones-familiares\/#breadcrumb\"},\"inLanguage\":\"es\",\"potentialAction\":[{\"@type\":\"ReadAction\",\"target\":[\"https:\/\/kinesiologiakese.es\/Jorge\/constelaciones-familiares\/\"]}]},{\"@type\":\"BreadcrumbList\",\"@id\":\"https:\/\/kinesiologiakese.es\/Jorge\/constelaciones-familiares\/#breadcrumb\",\"itemListElement\":[{\"@type\":\"ListItem\",\"position\":1,\"name\":\"Portada\",\"item\":\"https:\/\/kinesiologiakese.es\/Jorge\/\"},{\"@type\":\"ListItem\",\"position\":2,\"name\":\"Constelaciones Familiares\"}]}]}<\/script>\n<!-- \/ Yoast SEO plugin. -->","yoast_head_json":{"title":"Constelaciones Familiares - Jorge Kinesiolog&iacute;a","description":"\u00bfAlguna vez has considerado participar en una constelaci\u00f3n familiar? Te puede ser especialmente \u00fatil si est\u00e1s lidiando con problemas emocionales o de relaci\u00f3n persistentes que parecen no tener una explicaci\u00f3n l\u00f3gica. Si est\u00e1s buscando una manera de entender mejor tu vida y tus relaciones, y encontrar una manera de avanzar, entonces una constelaci\u00f3n familiar puede ser justo lo que necesitas.","robots":{"index":"index","follow":"follow","max-snippet":"max-snippet:-1","max-image-preview":"max-image-preview:large","max-video-preview":"max-video-preview:-1"},"canonical":"https:\/\/kinesiologiakese.es\/Jorge\/constelaciones-familiares\/","og_locale":"es_ES","og_type":"article","og_title":"Constelaciones Familiares - Jorge Kinesiolog&iacute;a","og_description":"\u00bfAlguna vez has considerado participar en una constelaci\u00f3n familiar? Te puede ser especialmente \u00fatil si est\u00e1s lidiando con problemas emocionales o de relaci\u00f3n persistentes que parecen no tener una explicaci\u00f3n l\u00f3gica. Si est\u00e1s buscando una manera de entender mejor tu vida y tus relaciones, y encontrar una manera de avanzar, entonces una constelaci\u00f3n familiar puede ser justo lo que necesitas.","og_url":"https:\/\/kinesiologiakese.es\/Jorge\/constelaciones-familiares\/","og_site_name":"Jorge Kinesiolog&iacute;a","article_modified_time":"2023-05-04T18:27:37+00:00","og_image":[{"url":"https:\/\/kinesiologiakese.es\/Jorge\/wp-content\/uploads\/2023\/03\/Cabecera-constelaciones.png"}],"twitter_card":"summary_large_image","twitter_misc":{"Tiempo de lectura":"3 minutos"},"schema":{"@context":"https:\/\/schema.org","@graph":[{"@type":"WebSite","@id":"https:\/\/kinesiologiakese.es\/Jorge\/#website","url":"https:\/\/kinesiologiakese.es\/Jorge\/","name":"Jorge Kinesiolog&iacute;a","description":"El Test kinesiol&oacute;gico te ayudar&aacute; a reconocer lo que te impide avanzar en tu vida.","potentialAction":[{"@type":"SearchAction","target":{"@type":"EntryPoint","urlTemplate":"https:\/\/kinesiologiakese.es\/Jorge\/?s={search_term_string}"},"query-input":"required name=search_term_string"}],"inLanguage":"es"},{"@type":"ImageObject","inLanguage":"es","@id":"https:\/\/kinesiologiakese.es\/Jorge\/constelaciones-familiares\/#primaryimage","url":"https:\/\/kinesiologiakese.es\/Jorge\/wp-content\/uploads\/2023\/03\/Cabecera-constelaciones.png","contentUrl":"https:\/\/kinesiologiakese.es\/Jorge\/wp-content\/uploads\/2023\/03\/Cabecera-constelaciones.png"},{"@type":"WebPage","@id":"https:\/\/kinesiologiakese.es\/Jorge\/constelaciones-familiares\/#webpage","url":"https:\/\/kinesiologiakese.es\/Jorge\/constelaciones-familiares\/","name":"Constelaciones Familiares - Jorge Kinesiolog&iacute;a","isPartOf":{"@id":"https:\/\/kinesiologiakese.es\/Jorge\/#website"},"primaryImageOfPage":{"@id":"https:\/\/kinesiologiakese.es\/Jorge\/constelaciones-familiares\/#primaryimage"},"datePublished":"2023-03-22T17:43:02+00:00","dateModified":"2023-05-04T18:27:37+00:00","description":"\u00bfAlguna vez has considerado participar en una constelaci\u00f3n familiar? Te puede ser especialmente \u00fatil si est\u00e1s lidiando con problemas emocionales o de relaci\u00f3n persistentes que parecen no tener una explicaci\u00f3n l\u00f3gica. Si est\u00e1s buscando una manera de entender mejor tu vida y tus relaciones, y encontrar una manera de avanzar, entonces una constelaci\u00f3n familiar puede ser justo lo que necesitas.","breadcrumb":{"@id":"https:\/\/kinesiologiakese.es\/Jorge\/constelaciones-familiares\/#breadcrumb"},"inLanguage":"es","potentialAction":[{"@type":"ReadAction","target":["https:\/\/kinesiologiakese.es\/Jorge\/constelaciones-familiares\/"]}]},{"@type":"BreadcrumbList","@id":"https:\/\/kinesiologiakese.es\/Jorge\/constelaciones-familiares\/#breadcrumb","itemListElement":[{"@type":"ListItem","position":1,"name":"Portada","item":"https:\/\/kinesiologiakese.es\/Jorge\/"},{"@type":"ListItem","position":2,"name":"Constelaciones Familiares"}]}]}},"_links":{"self":[{"href":"https:\/\/kinesiologiakese.es\/Jorge\/wp-json\/wp\/v2\/pages\/760"}],"collection":[{"href":"https:\/\/kinesiologiakese.es\/Jorge\/wp-json\/wp\/v2\/pages"}],"about":[{"href":"https:\/\/kinesiologiakese.es\/Jorge\/wp-json\/wp\/v2\/types\/page"}],"author":[{"embeddable":true,"href":"https:\/\/kinesiologiakese.es\/Jorge\/wp-json\/wp\/v2\/users\/1"}],"replies":[{"embeddable":true,"href":"https:\/\/kinesiologiakese.es\/Jorge\/wp-json\/wp\/v2\/comments?post=760"}],"version-history":[{"count":10,"href":"https:\/\/kinesiologiakese.es\/Jorge\/wp-json\/wp\/v2\/pages\/760\/revisions"}],"predecessor-version":[{"id":830,"href":"https:\/\/kinesiologiakese.es\/Jorge\/wp-json\/wp\/v2\/pages\/760\/revisions\/830"}],"wp:attachment":[{"href":"https:\/\/kinesiologiakese.es\/Jorge\/wp-json\/wp\/v2\/media?parent=760"}],"curies":[{"name":"wp","href":"https:\/\/api.w.org\/{rel}","templated":true}]}}