{"id":779,"date":"2023-04-10T20:23:04","date_gmt":"2023-04-10T20:23:04","guid":{"rendered":"https:\/\/kinesiologiakese.es\/Jorge\/?page_id=779"},"modified":"2023-05-11T22:16:48","modified_gmt":"2023-05-11T22:16:48","slug":"psicotarot","status":"publish","type":"page","link":"https:\/\/kinesiologiakese.es\/Jorge\/psicotarot\/","title":{"rendered":"Psicotarot"},"content":{"rendered":"\n<p>Esta t\u00e9cnica est\u00e1 extra\u00edda del gran Maestro de la Psicomag\u00eda y del Psicotarot, Alejandro Jodorowsky .<br>A trav\u00e9s del simbolismo de los 22 Arcanos Mayores, realizamos una sesi\u00f3n de Psicotarot para poder conectar con el inconsciente de forma profunda.<br>Es un trabajo a trav\u00e9s delo que la persona va percibiendo en su proyecci\u00f3n con las cartas que vamos extrayendo y vamos uniendo las piezas de la historia que nos cuenta.<br>Como resultado, podremos darle una lectura de lo que a nivel inconsciente ha emergido y qu\u00e9 sentido tiene para la persona.<br>Este m\u00e9todo es muy eficaz y nos puede servir para desbloquear situaciones de incomprensi\u00f3n e inseguridad.<br>No es un m\u00e9todo adivinatorio, es un m\u00e9todo de trabajo con la informaci\u00f3n que nos aporta la persona y c\u00f3mo se relaciona con su momento presente.<br>\u00a1SI DESEAS PROBAR UNA SESI\u00d3N, TE GARANTIZO UN ANTES Y UN DESPU\u00c9S!!!<\/p>\n\n\n<figure><a href=\"https:\/\/kinesiologiakese.es\/Jorge\/wp-content\/uploads\/2023\/05\/image.png\"><img src=\"https:\/\/kinesiologiakese.es\/Jorge\/wp-content\/uploads\/2023\/05\/image.png\" alt=\"\"\/><\/a><figcaption>Carl Jung tambi\u00e9n argument\u00f3 que el tarot era ya una capa fundamental de la conciencia colectiva, donde se imprimen los arquetipos, las im\u00e1genes subyacentes que establecen la constelaci\u00f3n ps\u00edquica del ser humano.<\/figcaption><\/figure>\n\n\n<p><\/p>\n","protected":false},"excerpt":{"rendered":"<p>Esta t\u00e9cnica est\u00e1 extra\u00edda del gran Maestro de la Psicomag\u00eda y del Psicotarot, Alejandro Jodorowsky .A trav\u00e9s del simbolismo de los 22 Arcanos Mayores, realizamos una sesi\u00f3n de Psicotarot para poder conectar con el inconsciente de forma profunda.Es un trabajo a trav\u00e9s delo que la persona va percibiendo en su &hellip; <\/p>\n","protected":false},"author":1,"featured_media":929,"parent":0,"menu_order":0,"comment_status":"closed","ping_status":"closed","template":"","meta":[],"yoast_head":"<!-- This site is optimized with the Yoast SEO plugin v18.9 - https:\/\/yoast.com\/wordpress\/plugins\/seo\/ -->\n<title>Psicotarot - Jorge Kinesiolog&iacute;a<\/title>\n<meta name=\"robots\" content=\"index, follow, max-snippet:-1, max-image-preview:large, max-video-preview:-1\" \/>\n<link rel=\"canonical\" href=\"https:\/\/kinesiologiakese.es\/Jorge\/psicotarot\/\" \/>\n<meta property=\"og:locale\" content=\"es_ES\" \/>\n<meta property=\"og:type\" content=\"article\" \/>\n<meta property=\"og:title\" content=\"Psicotarot - Jorge Kinesiolog&iacute;a\" \/>\n<meta property=\"og:description\" content=\"Esta t\u00e9cnica est\u00e1 extra\u00edda del gran Maestro de la Psicomag\u00eda y del Psicotarot, Alejandro Jodorowsky .A trav\u00e9s del simbolismo de los 22 Arcanos Mayores, realizamos una sesi\u00f3n de Psicotarot para poder conectar con el inconsciente de forma profunda.Es un trabajo a trav\u00e9s delo que la persona va percibiendo en su &hellip;\" \/>\n<meta property=\"og:url\" content=\"https:\/\/kinesiologiakese.es\/Jorge\/psicotarot\/\" \/>\n<meta property=\"og:site_name\" content=\"Jorge Kinesiolog&iacute;a\" \/>\n<meta property=\"article:modified_time\" content=\"2023-05-11T22:16:48+00:00\" \/>\n<meta property=\"og:image\" content=\"https:\/\/kinesiologiakese.es\/Jorge\/wp-content\/uploads\/2023\/05\/39.jpg\" \/>\n\t<meta property=\"og:image:width\" content=\"1920\" \/>\n\t<meta property=\"og:image:height\" content=\"1080\" \/>\n\t<meta property=\"og:image:type\" content=\"image\/jpeg\" \/>\n<meta name=\"twitter:card\" content=\"summary_large_image\" \/>\n<meta name=\"twitter:label1\" content=\"Tiempo de lectura\" \/>\n\t<meta name=\"twitter:data1\" content=\"2 minutos\" \/>\n<script type=\"application\/ld+json\" class=\"yoast-schema-graph\">{\"@context\":\"https:\/\/schema.org\",\"@graph\":[{\"@type\":\"WebSite\",\"@id\":\"https:\/\/kinesiologiakese.es\/Jorge\/#website\",\"url\":\"https:\/\/kinesiologiakese.es\/Jorge\/\",\"name\":\"Jorge Kinesiolog&iacute;a\",\"description\":\"El Test kinesiol&oacute;gico te ayudar&aacute; a reconocer lo que te impide avanzar en tu vida.\",\"potentialAction\":[{\"@type\":\"SearchAction\",\"target\":{\"@type\":\"EntryPoint\",\"urlTemplate\":\"https:\/\/kinesiologiakese.es\/Jorge\/?s={search_term_string}\"},\"query-input\":\"required name=search_term_string\"}],\"inLanguage\":\"es\"},{\"@type\":\"ImageObject\",\"inLanguage\":\"es\",\"@id\":\"https:\/\/kinesiologiakese.es\/Jorge\/psicotarot\/#primaryimage\",\"url\":\"https:\/\/kinesiologiakese.es\/Jorge\/wp-content\/uploads\/2023\/05\/39.jpg\",\"contentUrl\":\"https:\/\/kinesiologiakese.es\/Jorge\/wp-content\/uploads\/2023\/05\/39.jpg\",\"width\":1920,\"height\":1080,\"caption\":\"Tarot\"},{\"@type\":\"WebPage\",\"@id\":\"https:\/\/kinesiologiakese.es\/Jorge\/psicotarot\/#webpage\",\"url\":\"https:\/\/kinesiologiakese.es\/Jorge\/psicotarot\/\",\"name\":\"Psicotarot - Jorge Kinesiolog&iacute;a\",\"isPartOf\":{\"@id\":\"https:\/\/kinesiologiakese.es\/Jorge\/#website\"},\"primaryImageOfPage\":{\"@id\":\"https:\/\/kinesiologiakese.es\/Jorge\/psicotarot\/#primaryimage\"},\"datePublished\":\"2023-04-10T20:23:04+00:00\",\"dateModified\":\"2023-05-11T22:16:48+00:00\",\"breadcrumb\":{\"@id\":\"https:\/\/kinesiologiakese.es\/Jorge\/psicotarot\/#breadcrumb\"},\"inLanguage\":\"es\",\"potentialAction\":[{\"@type\":\"ReadAction\",\"target\":[\"https:\/\/kinesiologiakese.es\/Jorge\/psicotarot\/\"]}]},{\"@type\":\"BreadcrumbList\",\"@id\":\"https:\/\/kinesiologiakese.es\/Jorge\/psicotarot\/#breadcrumb\",\"itemListElement\":[{\"@type\":\"ListItem\",\"position\":1,\"name\":\"Portada\",\"item\":\"https:\/\/kinesiologiakese.es\/Jorge\/\"},{\"@type\":\"ListItem\",\"position\":2,\"name\":\"Psicotarot\"}]}]}<\/script>\n<!-- \/ Yoast SEO plugin. -->","yoast_head_json":{"title":"Psicotarot - Jorge Kinesiolog&iacute;a","robots":{"index":"index","follow":"follow","max-snippet":"max-snippet:-1","max-image-preview":"max-image-preview:large","max-video-preview":"max-video-preview:-1"},"canonical":"https:\/\/kinesiologiakese.es\/Jorge\/psicotarot\/","og_locale":"es_ES","og_type":"article","og_title":"Psicotarot - Jorge Kinesiolog&iacute;a","og_description":"Esta t\u00e9cnica est\u00e1 extra\u00edda del gran Maestro de la Psicomag\u00eda y del Psicotarot, Alejandro Jodorowsky .A trav\u00e9s del simbolismo de los 22 Arcanos Mayores, realizamos una sesi\u00f3n de Psicotarot para poder conectar con el inconsciente de forma profunda.Es un trabajo a trav\u00e9s delo que la persona va percibiendo en su &hellip;","og_url":"https:\/\/kinesiologiakese.es\/Jorge\/psicotarot\/","og_site_name":"Jorge Kinesiolog&iacute;a","article_modified_time":"2023-05-11T22:16:48+00:00","og_image":[{"width":1920,"height":1080,"url":"https:\/\/kinesiologiakese.es\/Jorge\/wp-content\/uploads\/2023\/05\/39.jpg","type":"image\/jpeg"}],"twitter_card":"summary_large_image","twitter_misc":{"Tiempo de lectura":"2 minutos"},"schema":{"@context":"https:\/\/schema.org","@graph":[{"@type":"WebSite","@id":"https:\/\/kinesiologiakese.es\/Jorge\/#website","url":"https:\/\/kinesiologiakese.es\/Jorge\/","name":"Jorge Kinesiolog&iacute;a","description":"El Test kinesiol&oacute;gico te ayudar&aacute; a reconocer lo que te impide avanzar en tu vida.","potentialAction":[{"@type":"SearchAction","target":{"@type":"EntryPoint","urlTemplate":"https:\/\/kinesiologiakese.es\/Jorge\/?s={search_term_string}"},"query-input":"required name=search_term_string"}],"inLanguage":"es"},{"@type":"ImageObject","inLanguage":"es","@id":"https:\/\/kinesiologiakese.es\/Jorge\/psicotarot\/#primaryimage","url":"https:\/\/kinesiologiakese.es\/Jorge\/wp-content\/uploads\/2023\/05\/39.jpg","contentUrl":"https:\/\/kinesiologiakese.es\/Jorge\/wp-content\/uploads\/2023\/05\/39.jpg","width":1920,"height":1080,"caption":"Tarot"},{"@type":"WebPage","@id":"https:\/\/kinesiologiakese.es\/Jorge\/psicotarot\/#webpage","url":"https:\/\/kinesiologiakese.es\/Jorge\/psicotarot\/","name":"Psicotarot - Jorge Kinesiolog&iacute;a","isPartOf":{"@id":"https:\/\/kinesiologiakese.es\/Jorge\/#website"},"primaryImageOfPage":{"@id":"https:\/\/kinesiologiakese.es\/Jorge\/psicotarot\/#primaryimage"},"datePublished":"2023-04-10T20:23:04+00:00","dateModified":"2023-05-11T22:16:48+00:00","breadcrumb":{"@id":"https:\/\/kinesiologiakese.es\/Jorge\/psicotarot\/#breadcrumb"},"inLanguage":"es","potentialAction":[{"@type":"ReadAction","target":["https:\/\/kinesiologiakese.es\/Jorge\/psicotarot\/"]}]},{"@type":"BreadcrumbList","@id":"https:\/\/kinesiologiakese.es\/Jorge\/psicotarot\/#breadcrumb","itemListElement":[{"@type":"ListItem","position":1,"name":"Portada","item":"https:\/\/kinesiologiakese.es\/Jorge\/"},{"@type":"ListItem","position":2,"name":"Psicotarot"}]}]}},"_links":{"self":[{"href":"https:\/\/kinesiologiakese.es\/Jorge\/wp-json\/wp\/v2\/pages\/779"}],"collection":[{"href":"https:\/\/kinesiologiakese.es\/Jorge\/wp-json\/wp\/v2\/pages"}],"about":[{"href":"https:\/\/kinesiologiakese.es\/Jorge\/wp-json\/wp\/v2\/types\/page"}],"author":[{"embeddable":true,"href":"https:\/\/kinesiologiakese.es\/Jorge\/wp-json\/wp\/v2\/users\/1"}],"replies":[{"embeddable":true,"href":"https:\/\/kinesiologiakese.es\/Jorge\/wp-json\/wp\/v2\/comments?post=779"}],"version-history":[{"count":8,"href":"https:\/\/kinesiologiakese.es\/Jorge\/wp-json\/wp\/v2\/pages\/779\/revisions"}],"predecessor-version":[{"id":935,"href":"https:\/\/kinesiologiakese.es\/Jorge\/wp-json\/wp\/v2\/pages\/779\/revisions\/935"}],"wp:featuredmedia":[{"embeddable":true,"href":"https:\/\/kinesiologiakese.es\/Jorge\/wp-json\/wp\/v2\/media\/929"}],"wp:attachment":[{"href":"https:\/\/kinesiologiakese.es\/Jorge\/wp-json\/wp\/v2\/media?parent=779"}],"curies":[{"name":"wp","href":"https:\/\/api.w.org\/{rel}","templated":true}]}}