{"id":79,"date":"2022-04-28T13:24:36","date_gmt":"2022-04-28T13:24:36","guid":{"rendered":"https:\/\/antoniajerez.com\/alma\/?page_id=79"},"modified":"2022-06-01T00:54:04","modified_gmt":"2022-06-01T00:54:04","slug":"jorge","status":"publish","type":"page","link":"https:\/\/kinesiologiakese.es\/Jorge\/","title":{"rendered":"JORGE"},"content":{"rendered":"\n<div class=\"wp-block-media-text alignwide is-stacked-on-mobile\" style=\"grid-template-columns:25% auto\"><figure class=\"wp-block-media-text__media\"><img loading=\"lazy\" width=\"512\" height=\"512\" src=\"https:\/\/kinesiologiakese.es\/Jorge\/wp-content\/uploads\/2022\/05\/cropped-Jorge-ico.jpg\" alt=\"\" class=\"wp-image-12 size-full\" srcset=\"https:\/\/kinesiologiakese.es\/Jorge\/wp-content\/uploads\/2022\/05\/cropped-Jorge-ico.jpg 512w, https:\/\/kinesiologiakese.es\/Jorge\/wp-content\/uploads\/2022\/05\/cropped-Jorge-ico-300x300.jpg 300w, https:\/\/kinesiologiakese.es\/Jorge\/wp-content\/uploads\/2022\/05\/cropped-Jorge-ico-150x150.jpg 150w, https:\/\/kinesiologiakese.es\/Jorge\/wp-content\/uploads\/2022\/05\/cropped-Jorge-ico-60x60.jpg 60w, https:\/\/kinesiologiakese.es\/Jorge\/wp-content\/uploads\/2022\/05\/cropped-Jorge-ico-270x270.jpg 270w, https:\/\/kinesiologiakese.es\/Jorge\/wp-content\/uploads\/2022\/05\/cropped-Jorge-ico-192x192.jpg 192w, https:\/\/kinesiologiakese.es\/Jorge\/wp-content\/uploads\/2022\/05\/cropped-Jorge-ico-180x180.jpg 180w, https:\/\/kinesiologiakese.es\/Jorge\/wp-content\/uploads\/2022\/05\/cropped-Jorge-ico-32x32.jpg 32w\" sizes=\"(max-width: 512px) 100vw, 512px\" \/><\/figure><div class=\"wp-block-media-text__content\">\n<p style=\"font-size:18px\">Facilito procesos de cambio y transformaci\u00f3n, poniendo conciencia donde antes hab\u00eda desconocimiento, miedo, verg\u00fcenza, culpabilidad \u2026.y todo bloqueo psico-emocional.<\/p>\n\n\n\n<p style=\"font-size:18px\">Me dedico a mi pasi\u00f3n: &nbsp;&nbsp;descubrir, comprender, aceptar , transformar e integrar el conflicto traum\u00e1tico humano.<\/p>\n\n\n\n<p style=\"font-size:18px\">Te mostrar\u00e9 c\u00f3mo hacerte responsable, a empoderarte y a poder decidir c\u00f3mo cambiar, crear y llevar a cabo lo que te propongas.<\/p>\n\n\n\n<p style=\"font-size:18px\">Mi lema es: \u201cNADA ES IMPOSIBLE\u201d.<\/p>\n<\/div><\/div>\n\n\n\n<h2>SOBRE M\u00cd<\/h2>\n\n\n\n<p style=\"font-size:18px\">Hace 15 a\u00f1os decid\u00ed dar un giro total a la vida que hasta entonces cre\u00ed que era la \u00fanica y definitiva que pod\u00eda tener.<\/p>\n\n\n\n<p style=\"font-size:18px\">Atravesaba una mala etapa personal en la que no me sent\u00eda bien conmigo mismo, trabajaba muchas horas en un oficio que no me gustaba y por si fuera poco, ten\u00eda una baja auto-estima que hac\u00eda que mis relaciones personales y emocionales fueran una monta\u00f1a rusa.<\/p>\n\n\n\n<p style=\"font-size:18px\">Empec\u00e9 a buscar la forma de salir de ese oscuro pozo en el que estaba y empec\u00e9 a entrar en contacto con el mundo terap\u00e9utico alternativo y el crecimiento personal y espiritual.<\/p>\n\n\n\n<p style=\"font-size:18px\">Despu\u00e9s de aprender y desarrollar diferentes t\u00e9cnicas , no ten\u00eda muy claro qu\u00e9 hacer, c\u00f3mo orientar mi nueva carrera profesional.<\/p>\n\n\n\n<p style=\"font-size:18px\">La vida me llev\u00f3 a una sesi\u00f3n demostrativa de Kinesiolog\u00eda Emocional, y all\u00ed conoc\u00ed al que ser\u00eda mi profesor en un futuro\u2026 Francesc Mariages.<\/p>\n\n\n\n<p style=\"font-size:18px\">Durante dos a\u00f1os realic\u00e9 el estudio de la Kinesiolog\u00eda Global y Emocional y hoy en d\u00eda es a trav\u00e9s de esta herramienta, con la t\u00e9cnica propia que utilizo, la que facilita el desbloqueo y nueva apertura de conciencia y vida a las personas con las que la aplico.<\/p>\n\n\n\n<blockquote class=\"wp-block-quote is-style-large\" style=\"font-size:15px\"><p>Or\u00e1culo de Delfos: <\/p><\/blockquote>\n\n\n\n<blockquote class=\"wp-block-quote is-style-large\" style=\"font-size:15px\"><p><em>\u201cTe advierto, quienquiera que fueres t\u00fa, que deseas sondear los arcanos de la naturaleza, que si no hallas dentro de ti mismo aquello que buscas, tampoco podr\u00e1s hallarlo fuera. Si t\u00fa ignoras las excelencias de tu propia casa, \u00bfc\u00f3mo pretendes encontrar otras excelencias? En ti se halla oculto el Tesoro de los Tesoros<\/em>\u201d.<\/p><p>\u201cHombre, con\u00f3cete a ti mismo y conocer\u00e1s el universo y a los dioses\u201d.<\/p><p><\/p><\/blockquote>\n","protected":false},"excerpt":{"rendered":"<p>Facilito procesos de cambio y transformaci\u00f3n, poniendo conciencia donde antes hab\u00eda desconocimiento, miedo, verg\u00fcenza, culpabilidad \u2026.y todo bloqueo psico-emocional. Me dedico a mi pasi\u00f3n: &nbsp;&nbsp;descubrir, comprender, aceptar , transformar e integrar el conflicto traum\u00e1tico humano. Te mostrar\u00e9 c\u00f3mo hacerte responsable, a empoderarte y a poder decidir c\u00f3mo cambiar, crear y &hellip; <\/p>\n","protected":false},"author":1,"featured_media":111,"parent":0,"menu_order":0,"comment_status":"closed","ping_status":"closed","template":"","meta":[],"yoast_head":"<!-- This site is optimized with the Yoast SEO plugin v18.9 - https:\/\/yoast.com\/wordpress\/plugins\/seo\/ -->\n<title>JORGE - Jorge Kinesiolog&iacute;a<\/title>\n<meta name=\"robots\" content=\"index, follow, max-snippet:-1, max-image-preview:large, max-video-preview:-1\" \/>\n<link rel=\"canonical\" href=\"https:\/\/kinesiologiakese.es\/Jorge\/\" \/>\n<meta property=\"og:locale\" content=\"es_ES\" \/>\n<meta property=\"og:type\" content=\"article\" \/>\n<meta property=\"og:title\" content=\"JORGE - Jorge Kinesiolog&iacute;a\" \/>\n<meta property=\"og:description\" content=\"Facilito procesos de cambio y transformaci\u00f3n, poniendo conciencia donde antes hab\u00eda desconocimiento, miedo, verg\u00fcenza, culpabilidad \u2026.y todo bloqueo psico-emocional. Me dedico a mi pasi\u00f3n: &nbsp;&nbsp;descubrir, comprender, aceptar , transformar e integrar el conflicto traum\u00e1tico humano. Te mostrar\u00e9 c\u00f3mo hacerte responsable, a empoderarte y a poder decidir c\u00f3mo cambiar, crear y &hellip;\" \/>\n<meta property=\"og:url\" content=\"https:\/\/kinesiologiakese.es\/Jorge\/\" \/>\n<meta property=\"og:site_name\" content=\"Jorge Kinesiolog&iacute;a\" \/>\n<meta property=\"article:modified_time\" content=\"2022-06-01T00:54:04+00:00\" \/>\n<meta property=\"og:image\" content=\"https:\/\/kinesiologiakese.es\/Jorge\/wp-content\/uploads\/2022\/04\/WhatsApp-Image-2022-04-28-at-5.44.41-PM-1-e1651222174464.jpeg\" \/>\n\t<meta property=\"og:image:width\" content=\"2048\" \/>\n\t<meta property=\"og:image:height\" content=\"967\" \/>\n\t<meta property=\"og:image:type\" content=\"image\/jpeg\" \/>\n<meta name=\"twitter:card\" content=\"summary_large_image\" \/>\n<meta name=\"twitter:label1\" content=\"Tiempo de lectura\" \/>\n\t<meta name=\"twitter:data1\" content=\"2 minutos\" \/>\n<script type=\"application\/ld+json\" class=\"yoast-schema-graph\">{\"@context\":\"https:\/\/schema.org\",\"@graph\":[{\"@type\":\"WebSite\",\"@id\":\"https:\/\/kinesiologiakese.es\/Jorge\/#website\",\"url\":\"https:\/\/kinesiologiakese.es\/Jorge\/\",\"name\":\"Jorge Kinesiolog&iacute;a\",\"description\":\"El Test kinesiol&oacute;gico te ayudar&aacute; a reconocer lo que te impide avanzar en tu vida.\",\"potentialAction\":[{\"@type\":\"SearchAction\",\"target\":{\"@type\":\"EntryPoint\",\"urlTemplate\":\"https:\/\/kinesiologiakese.es\/Jorge\/?s={search_term_string}\"},\"query-input\":\"required name=search_term_string\"}],\"inLanguage\":\"es\"},{\"@type\":\"ImageObject\",\"inLanguage\":\"es\",\"@id\":\"https:\/\/kinesiologiakese.es\/Jorge\/#primaryimage\",\"url\":\"https:\/\/kinesiologiakese.es\/Jorge\/wp-content\/uploads\/2022\/04\/WhatsApp-Image-2022-04-28-at-5.44.41-PM-1-e1651222174464.jpeg\",\"contentUrl\":\"https:\/\/kinesiologiakese.es\/Jorge\/wp-content\/uploads\/2022\/04\/WhatsApp-Image-2022-04-28-at-5.44.41-PM-1-e1651222174464.jpeg\",\"width\":2048,\"height\":967},{\"@type\":\"WebPage\",\"@id\":\"https:\/\/kinesiologiakese.es\/Jorge\/#webpage\",\"url\":\"https:\/\/kinesiologiakese.es\/Jorge\/\",\"name\":\"JORGE - Jorge Kinesiolog&iacute;a\",\"isPartOf\":{\"@id\":\"https:\/\/kinesiologiakese.es\/Jorge\/#website\"},\"primaryImageOfPage\":{\"@id\":\"https:\/\/kinesiologiakese.es\/Jorge\/#primaryimage\"},\"datePublished\":\"2022-04-28T13:24:36+00:00\",\"dateModified\":\"2022-06-01T00:54:04+00:00\",\"breadcrumb\":{\"@id\":\"https:\/\/kinesiologiakese.es\/Jorge\/#breadcrumb\"},\"inLanguage\":\"es\",\"potentialAction\":[{\"@type\":\"ReadAction\",\"target\":[\"https:\/\/kinesiologiakese.es\/Jorge\/\"]}]},{\"@type\":\"BreadcrumbList\",\"@id\":\"https:\/\/kinesiologiakese.es\/Jorge\/#breadcrumb\",\"itemListElement\":[{\"@type\":\"ListItem\",\"position\":1,\"name\":\"Portada\",\"item\":\"https:\/\/kinesiologiakese.es\/Jorge\/\"},{\"@type\":\"ListItem\",\"position\":2,\"name\":\"JORGE\"}]}]}<\/script>\n<!-- \/ Yoast SEO plugin. -->","yoast_head_json":{"title":"JORGE - Jorge Kinesiolog&iacute;a","robots":{"index":"index","follow":"follow","max-snippet":"max-snippet:-1","max-image-preview":"max-image-preview:large","max-video-preview":"max-video-preview:-1"},"canonical":"https:\/\/kinesiologiakese.es\/Jorge\/","og_locale":"es_ES","og_type":"article","og_title":"JORGE - Jorge Kinesiolog&iacute;a","og_description":"Facilito procesos de cambio y transformaci\u00f3n, poniendo conciencia donde antes hab\u00eda desconocimiento, miedo, verg\u00fcenza, culpabilidad \u2026.y todo bloqueo psico-emocional. Me dedico a mi pasi\u00f3n: &nbsp;&nbsp;descubrir, comprender, aceptar , transformar e integrar el conflicto traum\u00e1tico humano. Te mostrar\u00e9 c\u00f3mo hacerte responsable, a empoderarte y a poder decidir c\u00f3mo cambiar, crear y &hellip;","og_url":"https:\/\/kinesiologiakese.es\/Jorge\/","og_site_name":"Jorge Kinesiolog&iacute;a","article_modified_time":"2022-06-01T00:54:04+00:00","og_image":[{"width":2048,"height":967,"url":"https:\/\/kinesiologiakese.es\/Jorge\/wp-content\/uploads\/2022\/04\/WhatsApp-Image-2022-04-28-at-5.44.41-PM-1-e1651222174464.jpeg","type":"image\/jpeg"}],"twitter_card":"summary_large_image","twitter_misc":{"Tiempo de lectura":"2 minutos"},"schema":{"@context":"https:\/\/schema.org","@graph":[{"@type":"WebSite","@id":"https:\/\/kinesiologiakese.es\/Jorge\/#website","url":"https:\/\/kinesiologiakese.es\/Jorge\/","name":"Jorge Kinesiolog&iacute;a","description":"El Test kinesiol&oacute;gico te ayudar&aacute; a reconocer lo que te impide avanzar en tu vida.","potentialAction":[{"@type":"SearchAction","target":{"@type":"EntryPoint","urlTemplate":"https:\/\/kinesiologiakese.es\/Jorge\/?s={search_term_string}"},"query-input":"required name=search_term_string"}],"inLanguage":"es"},{"@type":"ImageObject","inLanguage":"es","@id":"https:\/\/kinesiologiakese.es\/Jorge\/#primaryimage","url":"https:\/\/kinesiologiakese.es\/Jorge\/wp-content\/uploads\/2022\/04\/WhatsApp-Image-2022-04-28-at-5.44.41-PM-1-e1651222174464.jpeg","contentUrl":"https:\/\/kinesiologiakese.es\/Jorge\/wp-content\/uploads\/2022\/04\/WhatsApp-Image-2022-04-28-at-5.44.41-PM-1-e1651222174464.jpeg","width":2048,"height":967},{"@type":"WebPage","@id":"https:\/\/kinesiologiakese.es\/Jorge\/#webpage","url":"https:\/\/kinesiologiakese.es\/Jorge\/","name":"JORGE - Jorge Kinesiolog&iacute;a","isPartOf":{"@id":"https:\/\/kinesiologiakese.es\/Jorge\/#website"},"primaryImageOfPage":{"@id":"https:\/\/kinesiologiakese.es\/Jorge\/#primaryimage"},"datePublished":"2022-04-28T13:24:36+00:00","dateModified":"2022-06-01T00:54:04+00:00","breadcrumb":{"@id":"https:\/\/kinesiologiakese.es\/Jorge\/#breadcrumb"},"inLanguage":"es","potentialAction":[{"@type":"ReadAction","target":["https:\/\/kinesiologiakese.es\/Jorge\/"]}]},{"@type":"BreadcrumbList","@id":"https:\/\/kinesiologiakese.es\/Jorge\/#breadcrumb","itemListElement":[{"@type":"ListItem","position":1,"name":"Portada","item":"https:\/\/kinesiologiakese.es\/Jorge\/"},{"@type":"ListItem","position":2,"name":"JORGE"}]}]}},"_links":{"self":[{"href":"https:\/\/kinesiologiakese.es\/Jorge\/wp-json\/wp\/v2\/pages\/79"}],"collection":[{"href":"https:\/\/kinesiologiakese.es\/Jorge\/wp-json\/wp\/v2\/pages"}],"about":[{"href":"https:\/\/kinesiologiakese.es\/Jorge\/wp-json\/wp\/v2\/types\/page"}],"author":[{"embeddable":true,"href":"https:\/\/kinesiologiakese.es\/Jorge\/wp-json\/wp\/v2\/users\/1"}],"replies":[{"embeddable":true,"href":"https:\/\/kinesiologiakese.es\/Jorge\/wp-json\/wp\/v2\/comments?post=79"}],"version-history":[{"count":5,"href":"https:\/\/kinesiologiakese.es\/Jorge\/wp-json\/wp\/v2\/pages\/79\/revisions"}],"predecessor-version":[{"id":659,"href":"https:\/\/kinesiologiakese.es\/Jorge\/wp-json\/wp\/v2\/pages\/79\/revisions\/659"}],"wp:featuredmedia":[{"embeddable":true,"href":"https:\/\/kinesiologiakese.es\/Jorge\/wp-json\/wp\/v2\/media\/111"}],"wp:attachment":[{"href":"https:\/\/kinesiologiakese.es\/Jorge\/wp-json\/wp\/v2\/media?parent=79"}],"curies":[{"name":"wp","href":"https:\/\/api.w.org\/{rel}","templated":true}]}}