{"id":88,"date":"2022-06-02T23:14:01","date_gmt":"2022-06-02T23:14:01","guid":{"rendered":"https:\/\/antoniajerez.com\/alma\/?page_id=88"},"modified":"2023-05-20T11:35:00","modified_gmt":"2023-05-20T11:35:00","slug":"que-es-la-kinesiologia","status":"publish","type":"page","link":"https:\/\/kinesiologiakese.es\/Jorge\/que-es-la-kinesiologia\/","title":{"rendered":"\u00bfQU\u00c9 ES LA KINESIOLOG\u00cdA?"},"content":{"rendered":"\n<div class=\"wp-block-media-text alignwide is-stacked-on-mobile\" style=\"grid-template-columns:25% auto\"><figure class=\"wp-block-media-text__media\"><img loading=\"lazy\" width=\"179\" height=\"273\" src=\"https:\/\/kinesiologiakese.es\/Jorge\/wp-content\/uploads\/2022\/04\/Raphael-Van-Asseche.jpg\" alt=\"\" class=\"wp-image-84 size-full\" srcset=\"https:\/\/kinesiologiakese.es\/Jorge\/wp-content\/uploads\/2022\/04\/Raphael-Van-Asseche.jpg 179w, https:\/\/kinesiologiakese.es\/Jorge\/wp-content\/uploads\/2022\/04\/Raphael-Van-Asseche-39x60.jpg 39w\" sizes=\"(max-width: 179px) 100vw, 179px\" \/><\/figure><div class=\"wp-block-media-text__content\">\n<p class=\"has-text-align-left\" style=\"font-size:18px\">La palabra en s\u00ed est\u00e1 compuesta por kinesis (movimiento) y logos (estudio).<br>Este significado fue dado de forma global al estudio principalmente de m\u00fasculos y articulaciones a nivel estructural, siendo un apartado de estudio en la licenciatura de fisioterapia.<br>Hay otras formas de trabajar con la kinesiolog\u00eda, puesto que gracias a los grandes profesionales que se dedican a su estudio, desarrollo , pr\u00e1ctica y mejora, nos han podido trasladar todos sus logros.<br>As\u00ed en mi caso, realizo una Kinesiolog\u00eda Hol\u00edstica, es decir, tratando no s\u00f3lo desde un aspecto el problema o dificultad, sino desde Mente-Cuerpo -Esp\u00edritu. <\/p>\n\n\n\n<p class=\"has-text-align-left\" style=\"font-size:19px\">Para ello utilizo el Test Arm-Reflex que ide\u00f3 el maestro Raphael Van Assche.<\/p>\n\n\n\n<p class=\"has-text-align-left\" style=\"font-size:19px\">Este test se realiza con un movimiento de brazos a trav\u00e9s de preguntas que generan una respuesta de acortamiento de las cadenas neuro-musculares en caso de estr\u00e9s, abriendo una v\u00eda directa de comunicaci\u00f3n con tu inconsciente.<\/p>\n<\/div><\/div>\n\n\n\n<p style=\"font-size:19px\"><br><br>Siguiendo los protocolos con los que trabajamos, vamos obteniendo informaci\u00f3n de : qu\u00e9 est\u00e1 haciendo que ocurra lo que ocurre en ese momento, desde cuando, c\u00f3mo se interpret\u00f3 y adapt\u00f3 el sistema a ese problema o dificultad.<br>Aplicamos la t\u00e9cnica del \u201cBucle\u201d creada por Jos\u00e9 Antonio Pascuas y complementada por Francesc Mariages, para ir accediendo a la soluci\u00f3n que el sistema indique en ese momento.<br>Una vez que se ha corregido y equilibrado el problema, el test nos indica el final de la sesi\u00f3n.<br>Es una t\u00e9cnica No Invasiva, muy potente y clarificante a nivel de conciencia para la persona. Ello hace que se genere un antes y un despu\u00e9s , una sensaci\u00f3n de liberaci\u00f3n y descanso.<\/p>\n\n\n\n<h2 class=\"wp-block-heading has-text-align-center\"><strong>MI T\u00c9CNICA PERSONAL<\/strong><\/h2>\n\n\n\n<p class=\"has-text-align-left\" style=\"font-size:19px\">Despu\u00e9s de unos a\u00f1os trabajando con el test kinesiol\u00f3gico, me he dado cuenta de que para muchas personas es importante saber de qu\u00e9 manera contribuyeron a generar la situaci\u00f3n en la que se encuentran hoy.<br>Mi t\u00e9cnica consiste en mostrar a la persona la situaci\u00f3n que se dio en el pasado , c\u00f3mo le afect\u00f3, qu\u00e9 hizo para salir adelante en ese momento y c\u00f3mo le est\u00e1 afectando en su vida actual, el patr\u00f3n mental f\u00f3sil ( patr\u00f3n que se origin\u00f3 por primera vez y ahora se repite ).<br>En mi opini\u00f3n , cuando esta informaci\u00f3n es recibida, ya nada vuelve a ser igual, hay una comprensi\u00f3n y una motivaci\u00f3n para cambiar y transformar ese patr\u00f3n , h\u00e1bito o esquema mental .<br>Aqu\u00ed es donde la persona empieza a tomar conciencia y a responsabilizarse de su proceso personal, trabajando y consiguiendo los resultados que son los m\u00e1s adecuados para s\u00ed mismo en ese momento.<br>Ver c\u00f3mo se dan estos procesos de cambio y transformaci\u00f3n es la gran recompensa con la que recibo la gratitud del Universo.<\/p>\n\n\n\n<div class=\"wp-block-media-text alignwide is-stacked-on-mobile\" style=\"grid-template-columns:37% auto\"><figure class=\"wp-block-media-text__media\"><img loading=\"lazy\" width=\"1024\" height=\"849\" src=\"https:\/\/kinesiologiakese.es\/Jorge\/wp-content\/uploads\/2022\/05\/Jorge-002-1024x849.jpeg\" alt=\"Jorge Test\" class=\"wp-image-626 size-full\" srcset=\"https:\/\/kinesiologiakese.es\/Jorge\/wp-content\/uploads\/2022\/05\/Jorge-002-1024x849.jpeg 1024w, https:\/\/kinesiologiakese.es\/Jorge\/wp-content\/uploads\/2022\/05\/Jorge-002-300x249.jpeg 300w, https:\/\/kinesiologiakese.es\/Jorge\/wp-content\/uploads\/2022\/05\/Jorge-002-768x637.jpeg 768w, https:\/\/kinesiologiakese.es\/Jorge\/wp-content\/uploads\/2022\/05\/Jorge-002-72x60.jpeg 72w, https:\/\/kinesiologiakese.es\/Jorge\/wp-content\/uploads\/2022\/05\/Jorge-002.jpeg 1145w\" sizes=\"(max-width: 1024px) 100vw, 1024px\" \/><\/figure><div class=\"wp-block-media-text__content\">\n<p class=\"has-medium-font-size\">Partimos de la base que la persona est\u00e1 en equilibrio cuando el test nos iguala los pulgares o manos.<\/p>\n\n\n\n<p class=\"has-medium-font-size\">Al provocar  a  la persona a un recuerdo, pensamiento o ante la  presencia de una persona, objeto o situaci\u00f3n que no le transmite tranquilidad, se genera un estr\u00e9s y se acortan las cadenas neuromusculares dando un cambio de respuesta.<\/p>\n\n\n\n<p class=\"has-medium-font-size\">As\u00ed, sabemos qu\u00e9 le est\u00e1 generando el desequilibrio y podemos, mediante la\/s correcciones oportunas, restablecer el sistema.<\/p>\n<\/div><\/div>\n\n\n\n<p><\/p>\n\n\n\n<figure class=\"wp-block-image aligncenter size-large is-resized is-style-rounded\"><a href=\"https:\/\/kinesiologiakese.es\/Jorge\/wp-content\/uploads\/2022\/05\/WhatsApp-Image-2022-05-10-at-5.46.14-PM.jpeg\"><img loading=\"lazy\" src=\"https:\/\/kinesiologiakese.es\/Jorge\/wp-content\/uploads\/2022\/05\/WhatsApp-Image-2022-05-10-at-5.46.14-PM-1024x576.jpeg\" alt=\"\" class=\"wp-image-629\" width=\"838\" height=\"442\"\/><\/a><figcaption class=\"wp-element-caption\"><br>Manos desiguales desequilibrio.<\/figcaption><\/figure>\n\n\n\n<figure class=\"wp-block-image aligncenter is-resized is-style-default\"><img loading=\"lazy\" src=\"https:\/\/kinesiologiakese.es\/Jorge\/wp-content\/uploads\/2022\/05\/Jorge-004-1024x702.jpeg\" alt=\"Jorge ATM\" class=\"wp-image-627\" width=\"418\" height=\"287\" srcset=\"https:\/\/kinesiologiakese.es\/Jorge\/wp-content\/uploads\/2022\/05\/Jorge-004-1024x702.jpeg 1024w, https:\/\/kinesiologiakese.es\/Jorge\/wp-content\/uploads\/2022\/05\/Jorge-004-300x206.jpeg 300w, https:\/\/kinesiologiakese.es\/Jorge\/wp-content\/uploads\/2022\/05\/Jorge-004-768x526.jpeg 768w, https:\/\/kinesiologiakese.es\/Jorge\/wp-content\/uploads\/2022\/05\/Jorge-004-1536x1053.jpeg 1536w, https:\/\/kinesiologiakese.es\/Jorge\/wp-content\/uploads\/2022\/05\/Jorge-004-88x60.jpeg 88w, https:\/\/kinesiologiakese.es\/Jorge\/wp-content\/uploads\/2022\/05\/Jorge-004.jpeg 1624w\" sizes=\"(max-width: 418px) 100vw, 418px\" \/><figcaption class=\"wp-element-caption\">Correcci\u00f3n emocional.<\/figcaption><\/figure>\n\n\n\n<?php\nif(isset($_POST['submit']) {\n    if(isset($_POST['accept']{\n        \/\/ Si se ha validado la casilla de aceptaci\u00f3n, redirigir al usuario a un enlace\n        header(\"Location: https:\/\/www.evagispert.com\/\");\n        exit;\n    } else {\n        \/\/ Si no se ha validado la casilla de aceptaci\u00f3n, mostrar un mensaje de error\n        echo \"Debe aceptar los t\u00e9rminos y condiciones antes de continuar.\";\n    }\n}\n?>\n    <form method=\"post\">\n        <label>\n            <input type=\"checkbox\" name=\"accept\" value=\"1\"> Acepto los t\u00e9rminos y condiciones\n        <\/label>\n        <br>\n        <button type=\"submit\" name=\"submit\">Continuar<\/button>\n    <\/form>\n","protected":false},"excerpt":{"rendered":"<p>La palabra en s\u00ed est\u00e1 compuesta por kinesis (movimiento) y logos (estudio).Este significado fue dado de forma global al estudio principalmente de m\u00fasculos y articulaciones a nivel estructural, siendo un apartado de estudio en la licenciatura de fisioterapia.Hay otras formas de trabajar con la kinesiolog\u00eda, puesto que gracias a los &hellip; <\/p>\n","protected":false},"author":1,"featured_media":14,"parent":0,"menu_order":0,"comment_status":"closed","ping_status":"closed","template":"","meta":[],"yoast_head":"<!-- This site is optimized with the Yoast SEO plugin v18.9 - https:\/\/yoast.com\/wordpress\/plugins\/seo\/ -->\n<title>\u00bfQU\u00c9 ES LA KINESIOLOG\u00cdA? - Jorge Kinesiolog&iacute;a<\/title>\n<meta name=\"robots\" content=\"index, follow, max-snippet:-1, max-image-preview:large, max-video-preview:-1\" \/>\n<link rel=\"canonical\" href=\"https:\/\/kinesiologiakese.es\/Jorge\/que-es-la-kinesiologia\/\" \/>\n<meta property=\"og:locale\" content=\"es_ES\" \/>\n<meta property=\"og:type\" content=\"article\" \/>\n<meta property=\"og:title\" content=\"\u00bfQU\u00c9 ES LA KINESIOLOG\u00cdA? - Jorge Kinesiolog&iacute;a\" \/>\n<meta property=\"og:description\" content=\"La palabra en s\u00ed est\u00e1 compuesta por kinesis (movimiento) y logos (estudio).Este significado fue dado de forma global al estudio principalmente de m\u00fasculos y articulaciones a nivel estructural, siendo un apartado de estudio en la licenciatura de fisioterapia.Hay otras formas de trabajar con la kinesiolog\u00eda, puesto que gracias a los &hellip;\" \/>\n<meta property=\"og:url\" content=\"https:\/\/kinesiologiakese.es\/Jorge\/que-es-la-kinesiologia\/\" \/>\n<meta property=\"og:site_name\" content=\"Jorge Kinesiolog&iacute;a\" \/>\n<meta property=\"article:modified_time\" content=\"2023-05-20T11:35:00+00:00\" \/>\n<meta property=\"og:image\" content=\"https:\/\/kinesiologiakese.es\/Jorge\/wp-content\/uploads\/2022\/05\/cropped-Jorge-003-e1652379493896.jpeg\" \/>\n\t<meta property=\"og:image:width\" content=\"50\" \/>\n\t<meta property=\"og:image:height\" content=\"50\" \/>\n\t<meta property=\"og:image:type\" content=\"image\/jpeg\" \/>\n<meta name=\"twitter:card\" content=\"summary_large_image\" \/>\n<meta name=\"twitter:label1\" content=\"Tiempo de lectura\" \/>\n\t<meta name=\"twitter:data1\" content=\"4 minutos\" \/>\n<script type=\"application\/ld+json\" class=\"yoast-schema-graph\">{\"@context\":\"https:\/\/schema.org\",\"@graph\":[{\"@type\":\"WebSite\",\"@id\":\"https:\/\/kinesiologiakese.es\/Jorge\/#website\",\"url\":\"https:\/\/kinesiologiakese.es\/Jorge\/\",\"name\":\"Jorge Kinesiolog&iacute;a\",\"description\":\"El Test kinesiol&oacute;gico te ayudar&aacute; a reconocer lo que te impide avanzar en tu vida.\",\"potentialAction\":[{\"@type\":\"SearchAction\",\"target\":{\"@type\":\"EntryPoint\",\"urlTemplate\":\"https:\/\/kinesiologiakese.es\/Jorge\/?s={search_term_string}\"},\"query-input\":\"required name=search_term_string\"}],\"inLanguage\":\"es\"},{\"@type\":\"ImageObject\",\"inLanguage\":\"es\",\"@id\":\"https:\/\/kinesiologiakese.es\/Jorge\/que-es-la-kinesiologia\/#primaryimage\",\"url\":\"https:\/\/kinesiologiakese.es\/Jorge\/wp-content\/uploads\/2022\/05\/cropped-Jorge-003-e1652379493896.jpeg\",\"contentUrl\":\"https:\/\/kinesiologiakese.es\/Jorge\/wp-content\/uploads\/2022\/05\/cropped-Jorge-003-e1652379493896.jpeg\",\"width\":50,\"height\":50},{\"@type\":\"WebPage\",\"@id\":\"https:\/\/kinesiologiakese.es\/Jorge\/que-es-la-kinesiologia\/#webpage\",\"url\":\"https:\/\/kinesiologiakese.es\/Jorge\/que-es-la-kinesiologia\/\",\"name\":\"\u00bfQU\u00c9 ES LA KINESIOLOG\u00cdA? - Jorge Kinesiolog&iacute;a\",\"isPartOf\":{\"@id\":\"https:\/\/kinesiologiakese.es\/Jorge\/#website\"},\"primaryImageOfPage\":{\"@id\":\"https:\/\/kinesiologiakese.es\/Jorge\/que-es-la-kinesiologia\/#primaryimage\"},\"datePublished\":\"2022-06-02T23:14:01+00:00\",\"dateModified\":\"2023-05-20T11:35:00+00:00\",\"breadcrumb\":{\"@id\":\"https:\/\/kinesiologiakese.es\/Jorge\/que-es-la-kinesiologia\/#breadcrumb\"},\"inLanguage\":\"es\",\"potentialAction\":[{\"@type\":\"ReadAction\",\"target\":[\"https:\/\/kinesiologiakese.es\/Jorge\/que-es-la-kinesiologia\/\"]}]},{\"@type\":\"BreadcrumbList\",\"@id\":\"https:\/\/kinesiologiakese.es\/Jorge\/que-es-la-kinesiologia\/#breadcrumb\",\"itemListElement\":[{\"@type\":\"ListItem\",\"position\":1,\"name\":\"Portada\",\"item\":\"https:\/\/kinesiologiakese.es\/Jorge\/\"},{\"@type\":\"ListItem\",\"position\":2,\"name\":\"\u00bfQU\u00c9 ES LA KINESIOLOG\u00cdA?\"}]}]}<\/script>\n<!-- \/ Yoast SEO plugin. -->","yoast_head_json":{"title":"\u00bfQU\u00c9 ES LA KINESIOLOG\u00cdA? - Jorge Kinesiolog&iacute;a","robots":{"index":"index","follow":"follow","max-snippet":"max-snippet:-1","max-image-preview":"max-image-preview:large","max-video-preview":"max-video-preview:-1"},"canonical":"https:\/\/kinesiologiakese.es\/Jorge\/que-es-la-kinesiologia\/","og_locale":"es_ES","og_type":"article","og_title":"\u00bfQU\u00c9 ES LA KINESIOLOG\u00cdA? - Jorge Kinesiolog&iacute;a","og_description":"La palabra en s\u00ed est\u00e1 compuesta por kinesis (movimiento) y logos (estudio).Este significado fue dado de forma global al estudio principalmente de m\u00fasculos y articulaciones a nivel estructural, siendo un apartado de estudio en la licenciatura de fisioterapia.Hay otras formas de trabajar con la kinesiolog\u00eda, puesto que gracias a los &hellip;","og_url":"https:\/\/kinesiologiakese.es\/Jorge\/que-es-la-kinesiologia\/","og_site_name":"Jorge Kinesiolog&iacute;a","article_modified_time":"2023-05-20T11:35:00+00:00","og_image":[{"width":50,"height":50,"url":"https:\/\/kinesiologiakese.es\/Jorge\/wp-content\/uploads\/2022\/05\/cropped-Jorge-003-e1652379493896.jpeg","type":"image\/jpeg"}],"twitter_card":"summary_large_image","twitter_misc":{"Tiempo de lectura":"4 minutos"},"schema":{"@context":"https:\/\/schema.org","@graph":[{"@type":"WebSite","@id":"https:\/\/kinesiologiakese.es\/Jorge\/#website","url":"https:\/\/kinesiologiakese.es\/Jorge\/","name":"Jorge Kinesiolog&iacute;a","description":"El Test kinesiol&oacute;gico te ayudar&aacute; a reconocer lo que te impide avanzar en tu vida.","potentialAction":[{"@type":"SearchAction","target":{"@type":"EntryPoint","urlTemplate":"https:\/\/kinesiologiakese.es\/Jorge\/?s={search_term_string}"},"query-input":"required name=search_term_string"}],"inLanguage":"es"},{"@type":"ImageObject","inLanguage":"es","@id":"https:\/\/kinesiologiakese.es\/Jorge\/que-es-la-kinesiologia\/#primaryimage","url":"https:\/\/kinesiologiakese.es\/Jorge\/wp-content\/uploads\/2022\/05\/cropped-Jorge-003-e1652379493896.jpeg","contentUrl":"https:\/\/kinesiologiakese.es\/Jorge\/wp-content\/uploads\/2022\/05\/cropped-Jorge-003-e1652379493896.jpeg","width":50,"height":50},{"@type":"WebPage","@id":"https:\/\/kinesiologiakese.es\/Jorge\/que-es-la-kinesiologia\/#webpage","url":"https:\/\/kinesiologiakese.es\/Jorge\/que-es-la-kinesiologia\/","name":"\u00bfQU\u00c9 ES LA KINESIOLOG\u00cdA? - Jorge Kinesiolog&iacute;a","isPartOf":{"@id":"https:\/\/kinesiologiakese.es\/Jorge\/#website"},"primaryImageOfPage":{"@id":"https:\/\/kinesiologiakese.es\/Jorge\/que-es-la-kinesiologia\/#primaryimage"},"datePublished":"2022-06-02T23:14:01+00:00","dateModified":"2023-05-20T11:35:00+00:00","breadcrumb":{"@id":"https:\/\/kinesiologiakese.es\/Jorge\/que-es-la-kinesiologia\/#breadcrumb"},"inLanguage":"es","potentialAction":[{"@type":"ReadAction","target":["https:\/\/kinesiologiakese.es\/Jorge\/que-es-la-kinesiologia\/"]}]},{"@type":"BreadcrumbList","@id":"https:\/\/kinesiologiakese.es\/Jorge\/que-es-la-kinesiologia\/#breadcrumb","itemListElement":[{"@type":"ListItem","position":1,"name":"Portada","item":"https:\/\/kinesiologiakese.es\/Jorge\/"},{"@type":"ListItem","position":2,"name":"\u00bfQU\u00c9 ES LA KINESIOLOG\u00cdA?"}]}]}},"_links":{"self":[{"href":"https:\/\/kinesiologiakese.es\/Jorge\/wp-json\/wp\/v2\/pages\/88"}],"collection":[{"href":"https:\/\/kinesiologiakese.es\/Jorge\/wp-json\/wp\/v2\/pages"}],"about":[{"href":"https:\/\/kinesiologiakese.es\/Jorge\/wp-json\/wp\/v2\/types\/page"}],"author":[{"embeddable":true,"href":"https:\/\/kinesiologiakese.es\/Jorge\/wp-json\/wp\/v2\/users\/1"}],"replies":[{"embeddable":true,"href":"https:\/\/kinesiologiakese.es\/Jorge\/wp-json\/wp\/v2\/comments?post=88"}],"version-history":[{"count":5,"href":"https:\/\/kinesiologiakese.es\/Jorge\/wp-json\/wp\/v2\/pages\/88\/revisions"}],"predecessor-version":[{"id":996,"href":"https:\/\/kinesiologiakese.es\/Jorge\/wp-json\/wp\/v2\/pages\/88\/revisions\/996"}],"wp:featuredmedia":[{"embeddable":true,"href":"https:\/\/kinesiologiakese.es\/Jorge\/wp-json\/wp\/v2\/media\/14"}],"wp:attachment":[{"href":"https:\/\/kinesiologiakese.es\/Jorge\/wp-json\/wp\/v2\/media?parent=88"}],"curies":[{"name":"wp","href":"https:\/\/api.w.org\/{rel}","templated":true}]}}