{"id":915,"date":"2023-05-11T21:59:23","date_gmt":"2023-05-11T21:59:23","guid":{"rendered":"https:\/\/kinesiologiakese.es\/Jorge\/?page_id=915"},"modified":"2023-05-11T22:10:32","modified_gmt":"2023-05-11T22:10:32","slug":"constelaciones-con-playmobil","status":"publish","type":"page","link":"https:\/\/kinesiologiakese.es\/Jorge\/constelaciones-con-playmobil\/","title":{"rendered":"Constelaciones con Playmobil"},"content":{"rendered":"<p>Los mu\u00f1ecos tipo Playmobil son un recurso terap\u00e9utico habitual en el contexto cl\u00ednico. Es muy conocido el uso de mu\u00f1ecos para realizar constelaciones familiares en consulta individual, pero las figuras sist\u00e9micas se pueden usar para fines muy diversos, tanto en terapia como en asesoramiento para adultos y para ni\u00f1os.<\/p>\n<p>\t\t\t\t\t\t\t\t\t\t\t\t\t\t\t<img width=\"299\" height=\"168\" src=\"https:\/\/kinesiologiakese.es\/Jorge\/wp-content\/uploads\/2023\/05\/Play-1.jpg\" alt=\"Familia\" loading=\"lazy\" srcset=\"https:\/\/kinesiologiakese.es\/Jorge\/wp-content\/uploads\/2023\/05\/Play-1.jpg 299w, https:\/\/kinesiologiakese.es\/Jorge\/wp-content\/uploads\/2023\/05\/Play-1-107x60.jpg 107w\" sizes=\"(max-width: 299px) 100vw, 299px\" \/>\t\t\t\t\t\t\t\t\t\t\t\t\t\t\t<\/p>\n<p>La fuerza de esta t\u00e9cnica es que nos permite \u00abver\u00bb y no solo \u00abcontar\u00bb una situaci\u00f3n. Es decir, con los mu\u00f1ecos se representa la escena de la situaci\u00f3n o conflicto y ya en una primera mirada emerge mucha informaci\u00f3n inconsciente. A trav\u00e9s de los detalles de los propios mu\u00f1ecos nos podemos dar cuenta de muchas cosas directamente: quien est\u00e1 cerca de quien, como van vestidos, a donde miran y qu\u00e9 no ven, etc. En muy poco tiempo podemos ampliar y profundizar en el sentido de las im\u00e1genes internas para que sea el cliente quien \u00abvea\u00bb sus propias soluciones. Como \u201cUna imagen vale m\u00e1s que mil palabras\u201d, esta herramienta sist\u00e9mica potencia el efecto de cualquier terapia psicol\u00f3gica o sesi\u00f3n de orientaci\u00f3n solo verbal.<\/p>\n<p>Te propongo una sesi\u00f3n para que puedas tener esa \u201cmirada\u201d y darle un sentido a lo que te est\u00e1 ocurriendo.<\/p>\n<p>\t\t\t\t\t\t\t\t\t\t\t\t\t\t\t<img width=\"767\" height=\"431\" src=\"https:\/\/kinesiologiakese.es\/Jorge\/wp-content\/uploads\/2023\/05\/9-1024x576.jpg\" alt=\"Playmobil\" loading=\"lazy\" srcset=\"https:\/\/kinesiologiakese.es\/Jorge\/wp-content\/uploads\/2023\/05\/9-1024x576.jpg 1024w, https:\/\/kinesiologiakese.es\/Jorge\/wp-content\/uploads\/2023\/05\/9-300x169.jpg 300w, https:\/\/kinesiologiakese.es\/Jorge\/wp-content\/uploads\/2023\/05\/9-768x432.jpg 768w, https:\/\/kinesiologiakese.es\/Jorge\/wp-content\/uploads\/2023\/05\/9-1536x864.jpg 1536w, https:\/\/kinesiologiakese.es\/Jorge\/wp-content\/uploads\/2023\/05\/9-107x60.jpg 107w, https:\/\/kinesiologiakese.es\/Jorge\/wp-content\/uploads\/2023\/05\/9.jpg 1920w\" sizes=\"(max-width: 767px) 100vw, 767px\" \/><\/p>\n","protected":false},"excerpt":{"rendered":"<p>Los mu\u00f1ecos tipo Playmobil son un recurso terap\u00e9utico habitual en el contexto cl\u00ednico. Es muy conocido el uso de mu\u00f1ecos para realizar constelaciones familiares en consulta individual, pero las figuras sist\u00e9micas se pueden usar para fines muy diversos, tanto en terapia como en asesoramiento para adultos y para ni\u00f1os. La &hellip; <\/p>\n","protected":false},"author":1,"featured_media":917,"parent":0,"menu_order":0,"comment_status":"closed","ping_status":"closed","template":"","meta":[],"yoast_head":"<!-- This site is optimized with the Yoast SEO plugin v18.9 - https:\/\/yoast.com\/wordpress\/plugins\/seo\/ -->\n<title>Constelaciones con Playmobil - Jorge Kinesiolog&iacute;a<\/title>\n<meta name=\"robots\" content=\"index, follow, max-snippet:-1, max-image-preview:large, max-video-preview:-1\" \/>\n<link rel=\"canonical\" href=\"https:\/\/kinesiologiakese.es\/Jorge\/constelaciones-con-playmobil\/\" \/>\n<meta property=\"og:locale\" content=\"es_ES\" \/>\n<meta property=\"og:type\" content=\"article\" \/>\n<meta property=\"og:title\" content=\"Constelaciones con Playmobil - Jorge Kinesiolog&iacute;a\" \/>\n<meta property=\"og:description\" content=\"Los mu\u00f1ecos tipo Playmobil son un recurso terap\u00e9utico habitual en el contexto cl\u00ednico. Es muy conocido el uso de mu\u00f1ecos para realizar constelaciones familiares en consulta individual, pero las figuras sist\u00e9micas se pueden usar para fines muy diversos, tanto en terapia como en asesoramiento para adultos y para ni\u00f1os. La &hellip;\" \/>\n<meta property=\"og:url\" content=\"https:\/\/kinesiologiakese.es\/Jorge\/constelaciones-con-playmobil\/\" \/>\n<meta property=\"og:site_name\" content=\"Jorge Kinesiolog&iacute;a\" \/>\n<meta property=\"article:modified_time\" content=\"2023-05-11T22:10:32+00:00\" \/>\n<meta property=\"og:image\" content=\"https:\/\/kinesiologiakese.es\/Jorge\/wp-content\/uploads\/2023\/05\/3.jpg\" \/>\n\t<meta property=\"og:image:width\" content=\"1920\" \/>\n\t<meta property=\"og:image:height\" content=\"1080\" \/>\n\t<meta property=\"og:image:type\" content=\"image\/jpeg\" \/>\n<meta name=\"twitter:card\" content=\"summary_large_image\" \/>\n<meta name=\"twitter:label1\" content=\"Tiempo de lectura\" \/>\n\t<meta name=\"twitter:data1\" content=\"2 minutos\" \/>\n<script type=\"application\/ld+json\" class=\"yoast-schema-graph\">{\"@context\":\"https:\/\/schema.org\",\"@graph\":[{\"@type\":\"WebSite\",\"@id\":\"https:\/\/kinesiologiakese.es\/Jorge\/#website\",\"url\":\"https:\/\/kinesiologiakese.es\/Jorge\/\",\"name\":\"Jorge Kinesiolog&iacute;a\",\"description\":\"El Test kinesiol&oacute;gico te ayudar&aacute; a reconocer lo que te impide avanzar en tu vida.\",\"potentialAction\":[{\"@type\":\"SearchAction\",\"target\":{\"@type\":\"EntryPoint\",\"urlTemplate\":\"https:\/\/kinesiologiakese.es\/Jorge\/?s={search_term_string}\"},\"query-input\":\"required name=search_term_string\"}],\"inLanguage\":\"es\"},{\"@type\":\"ImageObject\",\"inLanguage\":\"es\",\"@id\":\"https:\/\/kinesiologiakese.es\/Jorge\/constelaciones-con-playmobil\/#primaryimage\",\"url\":\"https:\/\/kinesiologiakese.es\/Jorge\/wp-content\/uploads\/2023\/05\/3.jpg\",\"contentUrl\":\"https:\/\/kinesiologiakese.es\/Jorge\/wp-content\/uploads\/2023\/05\/3.jpg\",\"width\":1920,\"height\":1080,\"caption\":\"Playmobil\"},{\"@type\":\"WebPage\",\"@id\":\"https:\/\/kinesiologiakese.es\/Jorge\/constelaciones-con-playmobil\/#webpage\",\"url\":\"https:\/\/kinesiologiakese.es\/Jorge\/constelaciones-con-playmobil\/\",\"name\":\"Constelaciones con Playmobil - Jorge Kinesiolog&iacute;a\",\"isPartOf\":{\"@id\":\"https:\/\/kinesiologiakese.es\/Jorge\/#website\"},\"primaryImageOfPage\":{\"@id\":\"https:\/\/kinesiologiakese.es\/Jorge\/constelaciones-con-playmobil\/#primaryimage\"},\"datePublished\":\"2023-05-11T21:59:23+00:00\",\"dateModified\":\"2023-05-11T22:10:32+00:00\",\"breadcrumb\":{\"@id\":\"https:\/\/kinesiologiakese.es\/Jorge\/constelaciones-con-playmobil\/#breadcrumb\"},\"inLanguage\":\"es\",\"potentialAction\":[{\"@type\":\"ReadAction\",\"target\":[\"https:\/\/kinesiologiakese.es\/Jorge\/constelaciones-con-playmobil\/\"]}]},{\"@type\":\"BreadcrumbList\",\"@id\":\"https:\/\/kinesiologiakese.es\/Jorge\/constelaciones-con-playmobil\/#breadcrumb\",\"itemListElement\":[{\"@type\":\"ListItem\",\"position\":1,\"name\":\"Portada\",\"item\":\"https:\/\/kinesiologiakese.es\/Jorge\/\"},{\"@type\":\"ListItem\",\"position\":2,\"name\":\"Constelaciones con Playmobil\"}]}]}<\/script>\n<!-- \/ Yoast SEO plugin. -->","yoast_head_json":{"title":"Constelaciones con Playmobil - Jorge Kinesiolog&iacute;a","robots":{"index":"index","follow":"follow","max-snippet":"max-snippet:-1","max-image-preview":"max-image-preview:large","max-video-preview":"max-video-preview:-1"},"canonical":"https:\/\/kinesiologiakese.es\/Jorge\/constelaciones-con-playmobil\/","og_locale":"es_ES","og_type":"article","og_title":"Constelaciones con Playmobil - Jorge Kinesiolog&iacute;a","og_description":"Los mu\u00f1ecos tipo Playmobil son un recurso terap\u00e9utico habitual en el contexto cl\u00ednico. Es muy conocido el uso de mu\u00f1ecos para realizar constelaciones familiares en consulta individual, pero las figuras sist\u00e9micas se pueden usar para fines muy diversos, tanto en terapia como en asesoramiento para adultos y para ni\u00f1os. La &hellip;","og_url":"https:\/\/kinesiologiakese.es\/Jorge\/constelaciones-con-playmobil\/","og_site_name":"Jorge Kinesiolog&iacute;a","article_modified_time":"2023-05-11T22:10:32+00:00","og_image":[{"width":1920,"height":1080,"url":"https:\/\/kinesiologiakese.es\/Jorge\/wp-content\/uploads\/2023\/05\/3.jpg","type":"image\/jpeg"}],"twitter_card":"summary_large_image","twitter_misc":{"Tiempo de lectura":"2 minutos"},"schema":{"@context":"https:\/\/schema.org","@graph":[{"@type":"WebSite","@id":"https:\/\/kinesiologiakese.es\/Jorge\/#website","url":"https:\/\/kinesiologiakese.es\/Jorge\/","name":"Jorge Kinesiolog&iacute;a","description":"El Test kinesiol&oacute;gico te ayudar&aacute; a reconocer lo que te impide avanzar en tu vida.","potentialAction":[{"@type":"SearchAction","target":{"@type":"EntryPoint","urlTemplate":"https:\/\/kinesiologiakese.es\/Jorge\/?s={search_term_string}"},"query-input":"required name=search_term_string"}],"inLanguage":"es"},{"@type":"ImageObject","inLanguage":"es","@id":"https:\/\/kinesiologiakese.es\/Jorge\/constelaciones-con-playmobil\/#primaryimage","url":"https:\/\/kinesiologiakese.es\/Jorge\/wp-content\/uploads\/2023\/05\/3.jpg","contentUrl":"https:\/\/kinesiologiakese.es\/Jorge\/wp-content\/uploads\/2023\/05\/3.jpg","width":1920,"height":1080,"caption":"Playmobil"},{"@type":"WebPage","@id":"https:\/\/kinesiologiakese.es\/Jorge\/constelaciones-con-playmobil\/#webpage","url":"https:\/\/kinesiologiakese.es\/Jorge\/constelaciones-con-playmobil\/","name":"Constelaciones con Playmobil - Jorge Kinesiolog&iacute;a","isPartOf":{"@id":"https:\/\/kinesiologiakese.es\/Jorge\/#website"},"primaryImageOfPage":{"@id":"https:\/\/kinesiologiakese.es\/Jorge\/constelaciones-con-playmobil\/#primaryimage"},"datePublished":"2023-05-11T21:59:23+00:00","dateModified":"2023-05-11T22:10:32+00:00","breadcrumb":{"@id":"https:\/\/kinesiologiakese.es\/Jorge\/constelaciones-con-playmobil\/#breadcrumb"},"inLanguage":"es","potentialAction":[{"@type":"ReadAction","target":["https:\/\/kinesiologiakese.es\/Jorge\/constelaciones-con-playmobil\/"]}]},{"@type":"BreadcrumbList","@id":"https:\/\/kinesiologiakese.es\/Jorge\/constelaciones-con-playmobil\/#breadcrumb","itemListElement":[{"@type":"ListItem","position":1,"name":"Portada","item":"https:\/\/kinesiologiakese.es\/Jorge\/"},{"@type":"ListItem","position":2,"name":"Constelaciones con Playmobil"}]}]}},"_links":{"self":[{"href":"https:\/\/kinesiologiakese.es\/Jorge\/wp-json\/wp\/v2\/pages\/915"}],"collection":[{"href":"https:\/\/kinesiologiakese.es\/Jorge\/wp-json\/wp\/v2\/pages"}],"about":[{"href":"https:\/\/kinesiologiakese.es\/Jorge\/wp-json\/wp\/v2\/types\/page"}],"author":[{"embeddable":true,"href":"https:\/\/kinesiologiakese.es\/Jorge\/wp-json\/wp\/v2\/users\/1"}],"replies":[{"embeddable":true,"href":"https:\/\/kinesiologiakese.es\/Jorge\/wp-json\/wp\/v2\/comments?post=915"}],"version-history":[{"count":7,"href":"https:\/\/kinesiologiakese.es\/Jorge\/wp-json\/wp\/v2\/pages\/915\/revisions"}],"predecessor-version":[{"id":926,"href":"https:\/\/kinesiologiakese.es\/Jorge\/wp-json\/wp\/v2\/pages\/915\/revisions\/926"}],"wp:featuredmedia":[{"embeddable":true,"href":"https:\/\/kinesiologiakese.es\/Jorge\/wp-json\/wp\/v2\/media\/917"}],"wp:attachment":[{"href":"https:\/\/kinesiologiakese.es\/Jorge\/wp-json\/wp\/v2\/media?parent=915"}],"curies":[{"name":"wp","href":"https:\/\/api.w.org\/{rel}","templated":true}]}}