{"id":936,"date":"2023-05-11T22:18:36","date_gmt":"2023-05-11T22:18:36","guid":{"rendered":"https:\/\/kinesiologiakese.es\/Jorge\/?page_id=936"},"modified":"2023-05-11T22:43:26","modified_gmt":"2023-05-11T22:43:26","slug":"pendulo-hebreo","status":"publish","type":"page","link":"https:\/\/kinesiologiakese.es\/Jorge\/pendulo-hebreo\/","title":{"rendered":"P\u00e9ndulo hebreo"},"content":{"rendered":"<p>El P\u00e9ndulo Hebreo es una t\u00e9cnica terap\u00e9utica de sanaci\u00f3n milenaria que utiliza un p\u00e9ndulo para transformar y equilibrar la energ\u00eda del cuerpo y promover la sanaci\u00f3n f\u00edsica, emocional y espiritual. Esta t\u00e9cnica se basa en la creencia de que todo en el universo est\u00e1 hecho de energ\u00eda y que el P\u00e9ndulo Hebreo puede ayudar a equilibrar y armonizar la energ\u00eda del cuerpo.<br \/>Tambi\u00e9n conocido como el p\u00e9ndulo de la sanaci\u00f3n, es una terapia complementaria que contiene los beneficios radiestesia (estudio de las radiaciones electromagn\u00e9ticas) y la medicina vibracional.<\/p>\n<p>\t\t\t\t\t\t\t\t\t\t\t\t\t\t\t<img width=\"767\" height=\"575\" src=\"https:\/\/kinesiologiakese.es\/Jorge\/wp-content\/uploads\/2023\/05\/Pendulo-Hebreo2-1024x768.jpg\" alt=\"P\u00e9ndulo hebreo\" loading=\"lazy\" srcset=\"https:\/\/kinesiologiakese.es\/Jorge\/wp-content\/uploads\/2023\/05\/Pendulo-Hebreo2-1024x768.jpg 1024w, https:\/\/kinesiologiakese.es\/Jorge\/wp-content\/uploads\/2023\/05\/Pendulo-Hebreo2-300x225.jpg 300w, https:\/\/kinesiologiakese.es\/Jorge\/wp-content\/uploads\/2023\/05\/Pendulo-Hebreo2-768x576.jpg 768w, https:\/\/kinesiologiakese.es\/Jorge\/wp-content\/uploads\/2023\/05\/Pendulo-Hebreo2-1536x1152.jpg 1536w, https:\/\/kinesiologiakese.es\/Jorge\/wp-content\/uploads\/2023\/05\/Pendulo-Hebreo2-80x60.jpg 80w, https:\/\/kinesiologiakese.es\/Jorge\/wp-content\/uploads\/2023\/05\/Pendulo-Hebreo2-640x480.jpg 640w, https:\/\/kinesiologiakese.es\/Jorge\/wp-content\/uploads\/2023\/05\/Pendulo-Hebreo2-110x83.jpg 110w, https:\/\/kinesiologiakese.es\/Jorge\/wp-content\/uploads\/2023\/05\/Pendulo-Hebreo2.jpg 1600w\" sizes=\"(max-width: 767px) 100vw, 767px\" \/>\t\t\t\t\t\t\t\t\t\t\t\t\t\t\t<\/p>\n<p>Durante una sesi\u00f3n de P\u00e9ndulo Hebreo, se utiliza un p\u00e9ndulo que se coloca sobre el cuerpo o cerca de \u00e9l. El terapeuta realiza movimientos espec\u00edficos con el p\u00e9ndulo para detectar y corregir cualquier bloqueo o desequilibrio en la energ\u00eda del cuerpo.<br \/>El P\u00e9ndulo Hebreo puede ayudar a aliviar el estr\u00e9s, la ansiedad, el dolor y otros s\u00edntomas f\u00edsicos y emocionales. Tambi\u00e9n puede ayudar a mejorar la calidad del sue\u00f1o, la claridad mental y la sensaci\u00f3n general de bienestar.<br \/>Si sientes curiosidad y quieres probar una sesi\u00f3n, \u00e9ste es t\u00fa momento!!<\/p>\n","protected":false},"excerpt":{"rendered":"<p>El P\u00e9ndulo Hebreo es una t\u00e9cnica terap\u00e9utica de sanaci\u00f3n milenaria que utiliza un p\u00e9ndulo para transformar y equilibrar la energ\u00eda del cuerpo y promover la sanaci\u00f3n f\u00edsica, emocional y espiritual. Esta t\u00e9cnica se basa en la creencia de que todo en el universo est\u00e1 hecho de energ\u00eda y que el &hellip; <\/p>\n","protected":false},"author":1,"featured_media":945,"parent":0,"menu_order":0,"comment_status":"closed","ping_status":"closed","template":"","meta":[],"yoast_head":"<!-- This site is optimized with the Yoast SEO plugin v18.9 - https:\/\/yoast.com\/wordpress\/plugins\/seo\/ -->\n<title>P\u00e9ndulo hebreo - Jorge Kinesiolog&iacute;a<\/title>\n<meta name=\"robots\" content=\"index, follow, max-snippet:-1, max-image-preview:large, max-video-preview:-1\" \/>\n<link rel=\"canonical\" href=\"https:\/\/kinesiologiakese.es\/Jorge\/pendulo-hebreo\/\" \/>\n<meta property=\"og:locale\" content=\"es_ES\" \/>\n<meta property=\"og:type\" content=\"article\" \/>\n<meta property=\"og:title\" content=\"P\u00e9ndulo hebreo - Jorge Kinesiolog&iacute;a\" \/>\n<meta property=\"og:description\" content=\"El P\u00e9ndulo Hebreo es una t\u00e9cnica terap\u00e9utica de sanaci\u00f3n milenaria que utiliza un p\u00e9ndulo para transformar y equilibrar la energ\u00eda del cuerpo y promover la sanaci\u00f3n f\u00edsica, emocional y espiritual. Esta t\u00e9cnica se basa en la creencia de que todo en el universo est\u00e1 hecho de energ\u00eda y que el &hellip;\" \/>\n<meta property=\"og:url\" content=\"https:\/\/kinesiologiakese.es\/Jorge\/pendulo-hebreo\/\" \/>\n<meta property=\"og:site_name\" content=\"Jorge Kinesiolog&iacute;a\" \/>\n<meta property=\"article:modified_time\" content=\"2023-05-11T22:43:26+00:00\" \/>\n<meta property=\"og:image\" content=\"https:\/\/kinesiologiakese.es\/Jorge\/wp-content\/uploads\/2023\/05\/Pendulo-Hebreo-1-e1683844799489.jpg\" \/>\n\t<meta property=\"og:image:width\" content=\"1200\" \/>\n\t<meta property=\"og:image:height\" content=\"468\" \/>\n\t<meta property=\"og:image:type\" content=\"image\/jpeg\" \/>\n<meta name=\"twitter:card\" content=\"summary_large_image\" \/>\n<meta name=\"twitter:label1\" content=\"Tiempo de lectura\" \/>\n\t<meta name=\"twitter:data1\" content=\"2 minutos\" \/>\n<script type=\"application\/ld+json\" class=\"yoast-schema-graph\">{\"@context\":\"https:\/\/schema.org\",\"@graph\":[{\"@type\":\"WebSite\",\"@id\":\"https:\/\/kinesiologiakese.es\/Jorge\/#website\",\"url\":\"https:\/\/kinesiologiakese.es\/Jorge\/\",\"name\":\"Jorge Kinesiolog&iacute;a\",\"description\":\"El Test kinesiol&oacute;gico te ayudar&aacute; a reconocer lo que te impide avanzar en tu vida.\",\"potentialAction\":[{\"@type\":\"SearchAction\",\"target\":{\"@type\":\"EntryPoint\",\"urlTemplate\":\"https:\/\/kinesiologiakese.es\/Jorge\/?s={search_term_string}\"},\"query-input\":\"required name=search_term_string\"}],\"inLanguage\":\"es\"},{\"@type\":\"ImageObject\",\"inLanguage\":\"es\",\"@id\":\"https:\/\/kinesiologiakese.es\/Jorge\/pendulo-hebreo\/#primaryimage\",\"url\":\"https:\/\/kinesiologiakese.es\/Jorge\/wp-content\/uploads\/2023\/05\/Pendulo-Hebreo-1-e1683844799489.jpg\",\"contentUrl\":\"https:\/\/kinesiologiakese.es\/Jorge\/wp-content\/uploads\/2023\/05\/Pendulo-Hebreo-1-e1683844799489.jpg\",\"width\":1200,\"height\":468,\"caption\":\"P\u00e9ndulo-hebreo\"},{\"@type\":\"WebPage\",\"@id\":\"https:\/\/kinesiologiakese.es\/Jorge\/pendulo-hebreo\/#webpage\",\"url\":\"https:\/\/kinesiologiakese.es\/Jorge\/pendulo-hebreo\/\",\"name\":\"P\u00e9ndulo hebreo - Jorge Kinesiolog&iacute;a\",\"isPartOf\":{\"@id\":\"https:\/\/kinesiologiakese.es\/Jorge\/#website\"},\"primaryImageOfPage\":{\"@id\":\"https:\/\/kinesiologiakese.es\/Jorge\/pendulo-hebreo\/#primaryimage\"},\"datePublished\":\"2023-05-11T22:18:36+00:00\",\"dateModified\":\"2023-05-11T22:43:26+00:00\",\"breadcrumb\":{\"@id\":\"https:\/\/kinesiologiakese.es\/Jorge\/pendulo-hebreo\/#breadcrumb\"},\"inLanguage\":\"es\",\"potentialAction\":[{\"@type\":\"ReadAction\",\"target\":[\"https:\/\/kinesiologiakese.es\/Jorge\/pendulo-hebreo\/\"]}]},{\"@type\":\"BreadcrumbList\",\"@id\":\"https:\/\/kinesiologiakese.es\/Jorge\/pendulo-hebreo\/#breadcrumb\",\"itemListElement\":[{\"@type\":\"ListItem\",\"position\":1,\"name\":\"Portada\",\"item\":\"https:\/\/kinesiologiakese.es\/Jorge\/\"},{\"@type\":\"ListItem\",\"position\":2,\"name\":\"P\u00e9ndulo hebreo\"}]}]}<\/script>\n<!-- \/ Yoast SEO plugin. -->","yoast_head_json":{"title":"P\u00e9ndulo hebreo - Jorge Kinesiolog&iacute;a","robots":{"index":"index","follow":"follow","max-snippet":"max-snippet:-1","max-image-preview":"max-image-preview:large","max-video-preview":"max-video-preview:-1"},"canonical":"https:\/\/kinesiologiakese.es\/Jorge\/pendulo-hebreo\/","og_locale":"es_ES","og_type":"article","og_title":"P\u00e9ndulo hebreo - Jorge Kinesiolog&iacute;a","og_description":"El P\u00e9ndulo Hebreo es una t\u00e9cnica terap\u00e9utica de sanaci\u00f3n milenaria que utiliza un p\u00e9ndulo para transformar y equilibrar la energ\u00eda del cuerpo y promover la sanaci\u00f3n f\u00edsica, emocional y espiritual. Esta t\u00e9cnica se basa en la creencia de que todo en el universo est\u00e1 hecho de energ\u00eda y que el &hellip;","og_url":"https:\/\/kinesiologiakese.es\/Jorge\/pendulo-hebreo\/","og_site_name":"Jorge Kinesiolog&iacute;a","article_modified_time":"2023-05-11T22:43:26+00:00","og_image":[{"width":1200,"height":468,"url":"https:\/\/kinesiologiakese.es\/Jorge\/wp-content\/uploads\/2023\/05\/Pendulo-Hebreo-1-e1683844799489.jpg","type":"image\/jpeg"}],"twitter_card":"summary_large_image","twitter_misc":{"Tiempo de lectura":"2 minutos"},"schema":{"@context":"https:\/\/schema.org","@graph":[{"@type":"WebSite","@id":"https:\/\/kinesiologiakese.es\/Jorge\/#website","url":"https:\/\/kinesiologiakese.es\/Jorge\/","name":"Jorge Kinesiolog&iacute;a","description":"El Test kinesiol&oacute;gico te ayudar&aacute; a reconocer lo que te impide avanzar en tu vida.","potentialAction":[{"@type":"SearchAction","target":{"@type":"EntryPoint","urlTemplate":"https:\/\/kinesiologiakese.es\/Jorge\/?s={search_term_string}"},"query-input":"required name=search_term_string"}],"inLanguage":"es"},{"@type":"ImageObject","inLanguage":"es","@id":"https:\/\/kinesiologiakese.es\/Jorge\/pendulo-hebreo\/#primaryimage","url":"https:\/\/kinesiologiakese.es\/Jorge\/wp-content\/uploads\/2023\/05\/Pendulo-Hebreo-1-e1683844799489.jpg","contentUrl":"https:\/\/kinesiologiakese.es\/Jorge\/wp-content\/uploads\/2023\/05\/Pendulo-Hebreo-1-e1683844799489.jpg","width":1200,"height":468,"caption":"P\u00e9ndulo-hebreo"},{"@type":"WebPage","@id":"https:\/\/kinesiologiakese.es\/Jorge\/pendulo-hebreo\/#webpage","url":"https:\/\/kinesiologiakese.es\/Jorge\/pendulo-hebreo\/","name":"P\u00e9ndulo hebreo - Jorge Kinesiolog&iacute;a","isPartOf":{"@id":"https:\/\/kinesiologiakese.es\/Jorge\/#website"},"primaryImageOfPage":{"@id":"https:\/\/kinesiologiakese.es\/Jorge\/pendulo-hebreo\/#primaryimage"},"datePublished":"2023-05-11T22:18:36+00:00","dateModified":"2023-05-11T22:43:26+00:00","breadcrumb":{"@id":"https:\/\/kinesiologiakese.es\/Jorge\/pendulo-hebreo\/#breadcrumb"},"inLanguage":"es","potentialAction":[{"@type":"ReadAction","target":["https:\/\/kinesiologiakese.es\/Jorge\/pendulo-hebreo\/"]}]},{"@type":"BreadcrumbList","@id":"https:\/\/kinesiologiakese.es\/Jorge\/pendulo-hebreo\/#breadcrumb","itemListElement":[{"@type":"ListItem","position":1,"name":"Portada","item":"https:\/\/kinesiologiakese.es\/Jorge\/"},{"@type":"ListItem","position":2,"name":"P\u00e9ndulo hebreo"}]}]}},"_links":{"self":[{"href":"https:\/\/kinesiologiakese.es\/Jorge\/wp-json\/wp\/v2\/pages\/936"}],"collection":[{"href":"https:\/\/kinesiologiakese.es\/Jorge\/wp-json\/wp\/v2\/pages"}],"about":[{"href":"https:\/\/kinesiologiakese.es\/Jorge\/wp-json\/wp\/v2\/types\/page"}],"author":[{"embeddable":true,"href":"https:\/\/kinesiologiakese.es\/Jorge\/wp-json\/wp\/v2\/users\/1"}],"replies":[{"embeddable":true,"href":"https:\/\/kinesiologiakese.es\/Jorge\/wp-json\/wp\/v2\/comments?post=936"}],"version-history":[{"count":43,"href":"https:\/\/kinesiologiakese.es\/Jorge\/wp-json\/wp\/v2\/pages\/936\/revisions"}],"predecessor-version":[{"id":987,"href":"https:\/\/kinesiologiakese.es\/Jorge\/wp-json\/wp\/v2\/pages\/936\/revisions\/987"}],"wp:featuredmedia":[{"embeddable":true,"href":"https:\/\/kinesiologiakese.es\/Jorge\/wp-json\/wp\/v2\/media\/945"}],"wp:attachment":[{"href":"https:\/\/kinesiologiakese.es\/Jorge\/wp-json\/wp\/v2\/media?parent=936"}],"curies":[{"name":"wp","href":"https:\/\/api.w.org\/{rel}","templated":true}]}}